{"id":1191,"date":"2024-07-31T11:08:32","date_gmt":"2024-07-31T11:08:32","guid":{"rendered":"https:\/\/siasplithotel.hr\/tours\/"},"modified":"2024-11-25T09:40:42","modified_gmt":"2024-11-25T09:40:42","slug":"izleti","status":"publish","type":"page","link":"https:\/\/siasplithotel.hr\/hr\/izleti\/","title":{"rendered":"Izleti"},"content":{"rendered":"\t\t<div data-elementor-type=\"wp-page\" data-elementor-id=\"1191\" class=\"elementor elementor-1191 elementor-684\" data-elementor-post-type=\"page\">\n\t\t\t\t<div class=\"elementor-element elementor-element-67aff441 e-flex e-con-boxed e-con e-parent\" data-id=\"67aff441\" data-element_type=\"container\" data-settings=\"{&quot;background_background&quot;:&quot;classic&quot;}\">\n\t\t\t\t\t<div class=\"e-con-inner\">\n\t\t<div class=\"elementor-element elementor-element-656831a4 e-con-full e-flex e-con e-child\" data-id=\"656831a4\" data-element_type=\"container\">\n\t\t\t\t<div class=\"elementor-element elementor-element-6e82b1a1 elementor-widget elementor-widget-heading\" data-id=\"6e82b1a1\" data-element_type=\"widget\" data-widget_type=\"heading.default\">\n\t\t\t\t<div class=\"elementor-widget-container\">\n\t\t\t\t\t<h1 class=\"elementor-heading-title elementor-size-default\">Izleti<\/h1>\t\t\t\t<\/div>\n\t\t\t\t<\/div>\n\t\t\t\t<\/div>\n\t\t\t\t\t<\/div>\n\t\t\t\t<\/div>\n\t\t<div class=\"elementor-element elementor-element-1bc75afb e-flex e-con-boxed e-con e-parent\" data-id=\"1bc75afb\" data-element_type=\"container\">\n\t\t\t\t\t<div class=\"e-con-inner\">\n\t\t\t\t<div class=\"elementor-element elementor-element-93c41c1 elementor-grid-3 elementor-grid-tablet-2 elementor-grid-mobile-1 elementor-widget elementor-widget-loop-grid\" data-id=\"93c41c1\" data-element_type=\"widget\" data-settings=\"{&quot;template_id&quot;:889,&quot;_skin&quot;:&quot;post&quot;,&quot;columns&quot;:&quot;3&quot;,&quot;columns_tablet&quot;:&quot;2&quot;,&quot;columns_mobile&quot;:&quot;1&quot;,&quot;edit_handle_selector&quot;:&quot;[data-elementor-type=\\&quot;loop-item\\&quot;]&quot;,&quot;row_gap&quot;:{&quot;unit&quot;:&quot;px&quot;,&quot;size&quot;:&quot;&quot;,&quot;sizes&quot;:[]},&quot;row_gap_tablet&quot;:{&quot;unit&quot;:&quot;px&quot;,&quot;size&quot;:&quot;&quot;,&quot;sizes&quot;:[]},&quot;row_gap_mobile&quot;:{&quot;unit&quot;:&quot;px&quot;,&quot;size&quot;:&quot;&quot;,&quot;sizes&quot;:[]}}\" data-widget_type=\"loop-grid.post\">\n\t\t\t\t<div class=\"elementor-widget-container\">\n\t\t\t\t\t\t\t<div class=\"elementor-loop-container elementor-grid\" role=\"list\">\n\t\t<style id=\"loop-889\">.elementor-889 .elementor-element.elementor-element-e4cc284{--display:flex;--padding-top:0px;--padding-bottom:0px;--padding-left:0px;--padding-right:0px;}.elementor-889 .elementor-element.elementor-element-e9248e6{--display:flex;--overflow:hidden;--padding-top:0px;--padding-bottom:0px;--padding-left:0px;--padding-right:0px;}.elementor-widget-theme-post-featured-image .widget-image-caption{color:var( --e-global-color-text );font-family:var( --e-global-typography-text-font-family ), Sans-serif;font-weight:var( --e-global-typography-text-font-weight );}.elementor-widget-theme-post-title .elementor-heading-title{font-family:var( --e-global-typography-primary-font-family ), Sans-serif;font-weight:var( --e-global-typography-primary-font-weight );color:var( --e-global-color-primary );}.elementor-889 .elementor-element.elementor-element-cde8185 .elementor-heading-title{font-family:\"Josefin Sans\", Sans-serif;font-size:20px;font-weight:600;line-height:30px;}<\/style>\t\t<div data-elementor-type=\"loop-item\" data-elementor-id=\"889\" class=\"elementor elementor-889 e-loop-item e-loop-item-1204 post-1204 post type-post status-publish format-standard has-post-thumbnail hentry category-tours-hr\" data-elementor-post-type=\"elementor_library\" data-custom-edit-handle=\"1\">\n\t\t\t<div class=\"elementor-element elementor-element-e4cc284 e-flex e-con-boxed e-con e-parent\" data-id=\"e4cc284\" data-element_type=\"container\">\n\t\t\t\t\t<div class=\"e-con-inner\">\n\t\t<div class=\"elementor-element elementor-element-e9248e6 e-con-full e-flex e-con e-child\" data-id=\"e9248e6\" data-element_type=\"container\">\n\t\t\t\t<div class=\"elementor-element elementor-element-76564f0 elementor-widget elementor-widget-theme-post-featured-image elementor-widget-image\" data-id=\"76564f0\" data-element_type=\"widget\" data-widget_type=\"theme-post-featured-image.default\">\n\t\t\t\t<div class=\"elementor-widget-container\">\n\t\t\t\t\t\t\t\t\t\t\t\t\t\t\t\t<a href=\"https:\/\/siasplithotel.hr\/hr\/pakleni-islands-hvar-solta-tour\/\">\n\t\t\t\t\t\t\t<img decoding=\"async\" src=\"https:\/\/siasplithotel.hr\/wp-content\/uploads\/elementor\/thumbs\/Hvar-1600x800-1-qrypmcilii9v0ls02et8oo3p7dl5yuy5c3xm03q710.jpg\" title=\"Hvar-1600&#215;800\" alt=\"SIA Split Hotel\" class=\"elementor-animation-grow\" loading=\"lazy\" \/>\t\t\t\t\t\t\t\t<\/a>\n\t\t\t\t\t\t\t\t\t\t\t\t\t\t\t<\/div>\n\t\t\t\t<\/div>\n\t\t\t\t<\/div>\n\t\t\t\t<div class=\"elementor-element elementor-element-cde8185 elementor-widget elementor-widget-theme-post-title elementor-page-title elementor-widget-heading\" data-id=\"cde8185\" data-element_type=\"widget\" data-widget_type=\"theme-post-title.default\">\n\t\t\t\t<div class=\"elementor-widget-container\">\n\t\t\t\t\t<h3 class=\"elementor-heading-title elementor-size-default\"><a href=\"https:\/\/siasplithotel.hr\/hr\/pakleni-islands-hvar-solta-tour\/\">Pakleni islands, Hvar &amp; \u0160olta Tour<\/a><\/h3>\t\t\t\t<\/div>\n\t\t\t\t<\/div>\n\t\t\t\t\t<\/div>\n\t\t\t\t<\/div>\n\t\t\t\t<\/div>\n\t\t\t\t<\/div>\n\t\t\n\t\t\t\t\t\t<\/div>\n\t\t\t\t<\/div>\n\t\t\t\t\t<\/div>\n\t\t\t\t<\/div>\n\t\t<div class=\"elementor-element elementor-element-9d15a52 e-flex e-con-boxed e-con e-parent\" data-id=\"9d15a52\" data-element_type=\"container\" data-settings=\"{&quot;background_background&quot;:&quot;classic&quot;}\">\n\t\t\t\t\t<div class=\"e-con-inner\">\n\t\t<div class=\"elementor-element elementor-element-df2e480 e-flex e-con-boxed e-con e-child\" data-id=\"df2e480\" data-element_type=\"container\">\n\t\t\t\t\t<div class=\"e-con-inner\">\n\t\t\t\t<div class=\"elementor-element elementor-element-37a5381 elementor-widget elementor-widget-heading\" data-id=\"37a5381\" data-element_type=\"widget\" data-widget_type=\"heading.default\">\n\t\t\t\t<div class=\"elementor-widget-container\">\n\t\t\t\t\t<h2 class=\"elementor-heading-title elementor-size-default\">Upiti o izletima<\/h2>\t\t\t\t<\/div>\n\t\t\t\t<\/div>\n\t\t\t\t<div class=\"elementor-element elementor-element-bb1b450 elementor-widget elementor-widget-text-editor\" data-id=\"bb1b450\" data-element_type=\"widget\" data-widget_type=\"text-editor.default\">\n\t\t\t\t<div class=\"elementor-widget-container\">\n\t\t\t\t\t\t\t\t\t<p>Javite nam se ukoliko imate pitanja i rado \u0107emo odgovoriti u najkra\u0107em mogu\u0107em roku.<\/p>\t\t\t\t\t\t\t\t<\/div>\n\t\t\t\t<\/div>\n\t\t\t\t<div class=\"elementor-element elementor-element-7ec4035 forma elementor-widget elementor-widget-shortcode\" data-id=\"7ec4035\" data-element_type=\"widget\" data-widget_type=\"shortcode.default\">\n\t\t\t\t<div class=\"elementor-widget-container\">\n\t\t\t\t\t\t\t<div class=\"elementor-shortcode\">\n<div class=\"wpcf7 no-js\" id=\"wpcf7-f1197-o1\" lang=\"en-US\" dir=\"ltr\" data-wpcf7-id=\"1197\">\n<div class=\"screen-reader-response\"><p role=\"status\" aria-live=\"polite\" aria-atomic=\"true\"><\/p> <ul><\/ul><\/div>\n<form action=\"\/hr\/wp-json\/wp\/v2\/pages\/1191#wpcf7-f1197-o1\" method=\"post\" class=\"wpcf7-form init\" aria-label=\"Contact form\" novalidate=\"novalidate\" data-status=\"init\">\n<fieldset class=\"hidden-fields-container\"><input type=\"hidden\" name=\"_wpcf7\" value=\"1197\" \/><input type=\"hidden\" name=\"_wpcf7_version\" value=\"6.1.4\" \/><input type=\"hidden\" name=\"_wpcf7_locale\" value=\"en_US\" \/><input type=\"hidden\" name=\"_wpcf7_unit_tag\" value=\"wpcf7-f1197-o1\" \/><input type=\"hidden\" name=\"_wpcf7_container_post\" value=\"0\" \/><input type=\"hidden\" name=\"_wpcf7_posted_data_hash\" value=\"\" \/><input type=\"hidden\" name=\"_wpcf7_recaptcha_response\" value=\"\" \/>\n<\/fieldset>\n<p><label> Va\u0161e ime<br \/>\n<span class=\"wpcf7-form-control-wrap\" data-name=\"your-name\"><input size=\"40\" maxlength=\"400\" class=\"wpcf7-form-control wpcf7-text wpcf7-validates-as-required\" autocomplete=\"name\" aria-required=\"true\" aria-invalid=\"false\" value=\"\" type=\"text\" name=\"your-name\" \/><\/span> <\/label>\n<\/p>\n<p><label> Va\u0161 email<br \/>\n<span class=\"wpcf7-form-control-wrap\" data-name=\"your-email\"><input size=\"40\" maxlength=\"400\" class=\"wpcf7-form-control wpcf7-email wpcf7-validates-as-required wpcf7-text wpcf7-validates-as-email\" autocomplete=\"email\" aria-required=\"true\" aria-invalid=\"false\" value=\"\" type=\"email\" name=\"your-email\" \/><\/span> <\/label>\n<\/p>\n<p><label> Va\u0161a poruka<br \/>\n<span class=\"wpcf7-form-control-wrap\" data-name=\"your-message\"><textarea cols=\"40\" rows=\"10\" maxlength=\"2000\" class=\"wpcf7-form-control wpcf7-textarea\" aria-invalid=\"false\" name=\"your-message\"><\/textarea><\/span> <\/label>\n<\/p>\n<div class=\"info\">\n\t<p>Va\u0161i podaci bit \u0107e pohranjeni na e-mail serveru i koristit \u0107e se isklju\u010divo u svrhu komunikacije s Vama o poslanom zahtjevu te se ne\u0107e dijeliti s tre\u0107im stranama bez Va\u0161eg izri\u010ditog pristanka.\n\t<\/p>\n<\/div>\n<p><input class=\"wpcf7-form-control wpcf7-submit has-spinner\" type=\"submit\" value=\"Po\u0161alji upit\" \/>\n<\/p><div class=\"wpcf7-response-output\" aria-hidden=\"true\"><\/div>\n<\/form>\n<\/div>\n<\/div>\n\t\t\t\t\t\t<\/div>\n\t\t\t\t<\/div>\n\t\t\t\t\t<\/div>\n\t\t\t\t<\/div>\n\t\t\t\t\t<\/div>\n\t\t\t\t<\/div>\n\t\t\t\t<\/div>\n\t\t","protected":false},"excerpt":{"rendered":"<p>Upiti o izletima Javite nam se ukoliko imate pitanja i rado \u0107emo odgovoriti u najkra\u0107em mogu\u0107em roku.<\/p>\n","protected":false},"author":1,"featured_media":0,"parent":0,"menu_order":0,"comment_status":"closed","ping_status":"closed","template":"elementor_header_footer","meta":{"footnotes":""},"class_list":["post-1191","page","type-page","status-publish","hentry"],"yoast_head":"<!-- This site is optimized with the Yoast SEO plugin v26.6 - https:\/\/yoast.com\/wordpress\/plugins\/seo\/ -->\n<title>Izleti - Sia Hotel<\/title>\n<meta name=\"description\" content=\"Popis izleta i upiti vezani za izlete\" \/>\n<meta name=\"robots\" content=\"index, follow, max-snippet:-1, max-image-preview:large, max-video-preview:-1\" \/>\n<link rel=\"canonical\" href=\"https:\/\/siasplithotel.hr\/hr\/izleti\/\" \/>\n<meta property=\"og:locale\" content=\"hr_HR\" \/>\n<meta property=\"og:type\" content=\"article\" \/>\n<meta property=\"og:title\" content=\"Izleti - Sia Hotel\" \/>\n<meta property=\"og:description\" content=\"Popis izleta i upiti vezani za izlete\" \/>\n<meta property=\"og:url\" content=\"https:\/\/siasplithotel.hr\/hr\/izleti\/\" \/>\n<meta property=\"og:site_name\" content=\"Sia Hotel\" \/>\n<meta property=\"article:modified_time\" content=\"2024-11-25T09:40:42+00:00\" \/>\n<meta name=\"twitter:card\" content=\"summary_large_image\" \/>\n<meta name=\"twitter:label1\" content=\"Procijenjeno vrijeme \u010ditanja\" \/>\n\t<meta name=\"twitter:data1\" content=\"1 minuta\" \/>\n<script type=\"application\/ld+json\" class=\"yoast-schema-graph\">{\"@context\":\"https:\/\/schema.org\",\"@graph\":[{\"@type\":\"WebPage\",\"@id\":\"https:\/\/siasplithotel.hr\/hr\/izleti\/\",\"url\":\"https:\/\/siasplithotel.hr\/hr\/izleti\/\",\"name\":\"Izleti - Sia Hotel\",\"isPartOf\":{\"@id\":\"https:\/\/siasplithotel.hr\/#website\"},\"datePublished\":\"2024-07-31T11:08:32+00:00\",\"dateModified\":\"2024-11-25T09:40:42+00:00\",\"description\":\"Popis izleta i upiti vezani za izlete\",\"breadcrumb\":{\"@id\":\"https:\/\/siasplithotel.hr\/hr\/izleti\/#breadcrumb\"},\"inLanguage\":\"hr\",\"potentialAction\":[{\"@type\":\"ReadAction\",\"target\":[\"https:\/\/siasplithotel.hr\/hr\/izleti\/\"]}]},{\"@type\":\"BreadcrumbList\",\"@id\":\"https:\/\/siasplithotel.hr\/hr\/izleti\/#breadcrumb\",\"itemListElement\":[{\"@type\":\"ListItem\",\"position\":1,\"name\":\"Home\",\"item\":\"https:\/\/siasplithotel.hr\/hr\/\"},{\"@type\":\"ListItem\",\"position\":2,\"name\":\"Izleti\"}]},{\"@type\":\"WebSite\",\"@id\":\"https:\/\/siasplithotel.hr\/#website\",\"url\":\"https:\/\/siasplithotel.hr\/\",\"name\":\"Sia Hotel\",\"description\":\"\",\"publisher\":{\"@id\":\"https:\/\/siasplithotel.hr\/#organization\"},\"potentialAction\":[{\"@type\":\"SearchAction\",\"target\":{\"@type\":\"EntryPoint\",\"urlTemplate\":\"https:\/\/siasplithotel.hr\/?s={search_term_string}\"},\"query-input\":{\"@type\":\"PropertyValueSpecification\",\"valueRequired\":true,\"valueName\":\"search_term_string\"}}],\"inLanguage\":\"hr\"},{\"@type\":\"Organization\",\"@id\":\"https:\/\/siasplithotel.hr\/#organization\",\"name\":\"Sia Hotel\",\"url\":\"https:\/\/siasplithotel.hr\/\",\"logo\":{\"@type\":\"ImageObject\",\"inLanguage\":\"hr\",\"@id\":\"https:\/\/siasplithotel.hr\/#\/schema\/logo\/image\/\",\"url\":\"https:\/\/siasplithotel.hr\/wp-content\/uploads\/2024\/07\/logo.png\",\"contentUrl\":\"https:\/\/siasplithotel.hr\/wp-content\/uploads\/2024\/07\/logo.png\",\"width\":264,\"height\":197,\"caption\":\"Sia Hotel\"},\"image\":{\"@id\":\"https:\/\/siasplithotel.hr\/#\/schema\/logo\/image\/\"}}]}<\/script>\n<!-- \/ Yoast SEO plugin. -->","yoast_head_json":{"title":"Izleti - Sia Hotel","description":"Popis izleta i upiti vezani za izlete","robots":{"index":"index","follow":"follow","max-snippet":"max-snippet:-1","max-image-preview":"max-image-preview:large","max-video-preview":"max-video-preview:-1"},"canonical":"https:\/\/siasplithotel.hr\/hr\/izleti\/","og_locale":"hr_HR","og_type":"article","og_title":"Izleti - Sia Hotel","og_description":"Popis izleta i upiti vezani za izlete","og_url":"https:\/\/siasplithotel.hr\/hr\/izleti\/","og_site_name":"Sia Hotel","article_modified_time":"2024-11-25T09:40:42+00:00","twitter_card":"summary_large_image","twitter_misc":{"Procijenjeno vrijeme \u010ditanja":"1 minuta"},"schema":{"@context":"https:\/\/schema.org","@graph":[{"@type":"WebPage","@id":"https:\/\/siasplithotel.hr\/hr\/izleti\/","url":"https:\/\/siasplithotel.hr\/hr\/izleti\/","name":"Izleti - Sia Hotel","isPartOf":{"@id":"https:\/\/siasplithotel.hr\/#website"},"datePublished":"2024-07-31T11:08:32+00:00","dateModified":"2024-11-25T09:40:42+00:00","description":"Popis izleta i upiti vezani za izlete","breadcrumb":{"@id":"https:\/\/siasplithotel.hr\/hr\/izleti\/#breadcrumb"},"inLanguage":"hr","potentialAction":[{"@type":"ReadAction","target":["https:\/\/siasplithotel.hr\/hr\/izleti\/"]}]},{"@type":"BreadcrumbList","@id":"https:\/\/siasplithotel.hr\/hr\/izleti\/#breadcrumb","itemListElement":[{"@type":"ListItem","position":1,"name":"Home","item":"https:\/\/siasplithotel.hr\/hr\/"},{"@type":"ListItem","position":2,"name":"Izleti"}]},{"@type":"WebSite","@id":"https:\/\/siasplithotel.hr\/#website","url":"https:\/\/siasplithotel.hr\/","name":"Sia Hotel","description":"","publisher":{"@id":"https:\/\/siasplithotel.hr\/#organization"},"potentialAction":[{"@type":"SearchAction","target":{"@type":"EntryPoint","urlTemplate":"https:\/\/siasplithotel.hr\/?s={search_term_string}"},"query-input":{"@type":"PropertyValueSpecification","valueRequired":true,"valueName":"search_term_string"}}],"inLanguage":"hr"},{"@type":"Organization","@id":"https:\/\/siasplithotel.hr\/#organization","name":"Sia Hotel","url":"https:\/\/siasplithotel.hr\/","logo":{"@type":"ImageObject","inLanguage":"hr","@id":"https:\/\/siasplithotel.hr\/#\/schema\/logo\/image\/","url":"https:\/\/siasplithotel.hr\/wp-content\/uploads\/2024\/07\/logo.png","contentUrl":"https:\/\/siasplithotel.hr\/wp-content\/uploads\/2024\/07\/logo.png","width":264,"height":197,"caption":"Sia Hotel"},"image":{"@id":"https:\/\/siasplithotel.hr\/#\/schema\/logo\/image\/"}}]}},"_links":{"self":[{"href":"https:\/\/siasplithotel.hr\/hr\/wp-json\/wp\/v2\/pages\/1191","targetHints":{"allow":["GET"]}}],"collection":[{"href":"https:\/\/siasplithotel.hr\/hr\/wp-json\/wp\/v2\/pages"}],"about":[{"href":"https:\/\/siasplithotel.hr\/hr\/wp-json\/wp\/v2\/types\/page"}],"author":[{"embeddable":true,"href":"https:\/\/siasplithotel.hr\/hr\/wp-json\/wp\/v2\/users\/1"}],"replies":[{"embeddable":true,"href":"https:\/\/siasplithotel.hr\/hr\/wp-json\/wp\/v2\/comments?post=1191"}],"version-history":[{"count":7,"href":"https:\/\/siasplithotel.hr\/hr\/wp-json\/wp\/v2\/pages\/1191\/revisions"}],"predecessor-version":[{"id":1203,"href":"https:\/\/siasplithotel.hr\/hr\/wp-json\/wp\/v2\/pages\/1191\/revisions\/1203"}],"wp:attachment":[{"href":"https:\/\/siasplithotel.hr\/hr\/wp-json\/wp\/v2\/media?parent=1191"}],"curies":[{"name":"wp","href":"https:\/\/api.w.org\/{rel}","templated":true}]}}