{"id":1184,"date":"2024-07-25T09:01:26","date_gmt":"2024-07-25T09:01:26","guid":{"rendered":"https:\/\/siasplithotel.hr\/?page_id=1184"},"modified":"2024-11-25T09:43:38","modified_gmt":"2024-11-25T09:43:38","slug":"politika-privatnosti","status":"publish","type":"page","link":"https:\/\/siasplithotel.hr\/hr\/politika-privatnosti\/","title":{"rendered":"Politika privatnosti"},"content":{"rendered":"\t\t<div data-elementor-type=\"wp-page\" data-elementor-id=\"1184\" class=\"elementor elementor-1184 elementor-3\" data-elementor-post-type=\"page\">\n\t\t\t\t<div class=\"elementor-element elementor-element-5c859abf e-flex e-con-boxed e-con e-parent\" data-id=\"5c859abf\" data-element_type=\"container\">\n\t\t\t\t\t<div class=\"e-con-inner\">\n\t\t\t\t<div class=\"elementor-element elementor-element-5d9dfc95 elementor-widget elementor-widget-text-editor\" data-id=\"5d9dfc95\" data-element_type=\"widget\" data-widget_type=\"text-editor.default\">\n\t\t\t\t<div class=\"elementor-widget-container\">\n\t\t\t\t\t\t\t\t\t\n<h2 class=\"wp-block-heading\">Za\u0161tita podataka<\/h2>\n\n\n\n<p>Operater ovih web stranica vrlo ozbiljno shva\u0107a za\u0161titu va\u0161ih osobnih podataka. Va\u0161im osobnim podacima rukujemo povjerljivo i u skladu s propisima o za\u0161titi podataka, kao i ovom izjavom o za\u0161titi podataka.<\/p>\n\n\n\n<p>Kori\u0161tenje na\u0161ih web stranica uglavnom ne zahtijeva da navedete osobne podatke. Ukoliko se prikupljaju osobni podaci (ime, adresa ili adresa e-po\u0161te), oni se provode na dobrovoljnoj osnovi, gdje je to mogu\u0107e. Ovi podaci ne\u0107e se davati tre\u0107im stranama bez va\u0161eg izri\u010ditog pristanka.<\/p>\n\n\n\n<p>Isti\u010demo da prijenos podataka putem interneta (na primjer pri komunikaciji putem e-po\u0161te) mo\u017ee otkriti sigurnosne nedostatke. Potpuna za\u0161tita podataka od pristupa tre\u0107ih strana nije mogu\u0107a.<\/p>\n\n\n\n<h2 class=\"wp-block-heading\">Kola\u010di\u0107i<\/h2>\n\n\n\n<p>Web stranice dijelom koriste takozvane kola\u010di\u0107e. Kola\u010di\u0107i ne nanose \u0161tetu va\u0161em ra\u010dunalu niti sadr\u017ee viruse. Kola\u010di\u0107i imaju za cilj u\u010diniti na\u0161e web stranice jednostavnijim za kori\u0161tenje, u\u010dinkovitijim i sigurnijim. Kola\u010di\u0107i su male tekstualne datoteke koje se pohranjuju na va\u0161e ra\u010dunalo i spremaju u va\u0161 preglednik.<\/p>\n\n\n\n<p>Ve\u0107ina kola\u010di\u0107a koje koristimo su tzv. &#8220;Cookies sessions&#8221;. Automatski se bri\u0161u nakon zavr\u0161etka posjeta. Ostali kola\u010di\u0107i ostaju spremljeni na va\u0161em krajnjem ure\u0111aju dok ih ne izbri\u0161ete. Ovi kola\u010di\u0107i omogu\u0107uju nam prepoznavanje va\u0161eg preglednika prilikom va\u0161e sljede\u0107e posjete.<\/p>\n\n\n\n<p>Postavke preglednika mo\u017eete prilagoditi tako da budete informirani o upotrebi kola\u010di\u0107a i dopu\u0161tate njihovo kori\u0161tenje samo pojedina\u010dno, u odre\u0111enim slu\u010dajevima ili ih op\u0107enito zabranjujete, primjerice aktiviranjem automatskog brisanja kola\u010di\u0107a prilikom zatvaranja preglednika. Funkcionalnost web stranice mo\u017ee se ograni\u010diti ako se kola\u010di\u0107i deaktiviraju.<\/p>\n\n\n\n<h2 class=\"wp-block-heading\">Datoteke zapisnika poslu\u017eitelja<\/h2>\n\n\n\n<p>Davatelj web stranica name\u0107e i automatski sprema podatke u takozvane datoteke dnevnika poslu\u017eitelja, koje nam va\u0161 preglednik automatski prenosi. Ovi su:<\/p>\n\n\n\n<ul class=\"wp-block-list\">\n<li>Vrsta preglednika i verzija preglednika<\/li>\n\n\n\n<li>Kori\u0161teni operativni sustav<\/li>\n\n\n\n<li>URL preporuke<\/li>\n\n\n\n<li>Ime hosta za pristup ra\u010dunalu<\/li>\n\n\n\n<li>Vrijeme zahtjeva poslu\u017eitelja<\/li>\n\n\n\n<li>Ovi se podaci ne mogu pripisati odre\u0111enim osobama. Kombinacija ovih podataka s drugim izvorima podataka se ne uzima. Te podatke zadr\u017eavamo kako bismo ih retrospektivno ispitali ako nam postanu poznati konkretni dokazi o nezakonitoj uporabi.<\/li>\n<\/ul>\n\n\n\n<h2 class=\"wp-block-heading\">Kontakt obrazac<\/h2>\n\n\n\n<p>Ako ste nas kontaktirali putem obrasca za kontakt, spremit \u0107emo va\u0161e podatke iz obrasca za kontakt, uklju\u010duju\u0107i tamo navedene podatke za kontakt, kako bismo obradili upit i ako postoje dodatna pitanja. Ne\u0107emo proslje\u0111ivati ove podatke bez va\u0161eg pristanka.<\/p>\n\n\n\n<h2 class=\"wp-block-heading\">Anonimizacija IP-a<\/h2>\n\n\n\n<p>Na ovoj web stranici aktivirali smo funkciju anonimizacije IP-a, \u0161to zna\u010di da je prijenos va\u0161e IP adrese unutar dr\u017eava \u010dlanica Europske unije ili u drugim dr\u017eavama unutar Europskog gospodarskog prostora Googleu u SAD-u su\u017een. Samo \u0107e se u iznimnim slu\u010dajevima puna IP adresa prenijeti na Googleov poslu\u017eitelj u SAD-u i tamo izrezati. Google \u0107e upotrijebiti ove podatke u ime operatora za procjenu va\u0161e upotrebe web stranice i za sastavljanje izvje\u0161\u0107a o aktivnostima va\u0161e web stranice te za daljnje generiranje koherentnih usluga za operatora web stranice promatraju\u0107i upotrebu web stranice i interneta. IP adresa prenesena na Google Analytics ne\u0107e se spojiti s ostalim Googleovim podacima.<\/p>\n\n\n\n<h2 class=\"wp-block-heading\">Dodatak za preglednik<\/h2>\n\n\n\n<p>Zadr\u017eavanje kola\u010di\u0107a mo\u017eete sprije\u010diti odgovaraju\u0107om postavkom u softveru va\u0161eg preglednika; me\u0111utim isti\u010demo da u ovom slu\u010daju ne\u0107ete mo\u0107i u potpunosti koristiti funkcije ove web stranice. Nadalje, mo\u017eete sprije\u010diti prikupljanje podataka generiranih kola\u010di\u0107ima i njihovu upotrebu podataka povezanih s web stranicama (uklju\u010duju\u0107i va\u0161u IP adresu) Googleu i Googleovu obradu podataka preuzimanjem i instaliranjem dostupnog dodatka za preglednik putem sljede\u0107e veze:   <a href=\"https:\/\/tools.google.com\/dlpage\/gaoptout?hl=hr\">https:\/\/tools.google.com\/dlpage\/gaoptout?hl=hr<\/a><\/p>\n\n\n\n<h2 class=\"wp-block-heading\">Prigovor na kompilaciju podataka<\/h2>\n\n\n\n<p>Da biste sprije\u010dili sastavljanje Universal Analyticsa na razli\u010ditim ure\u0111ajima, morate izvr\u0161iti isklju\u010divanje na svim kori\u0161tenim sustavima. Kada kliknete ovdje, aktivirat \u0107e se kola\u010di\u0107 za isklju\u010divanje: deaktivirati Google Analytics<\/p>\n\n\n\n<p>Vi\u0161e informacija o rukovanju korisni\u010dkim podacima s uslugom Google Analytics prona\u0107i \u0107ete u Googleovoj izjavi o za\u0161titi podataka: <a href=\"https:\/\/support.google.com\/analytics\/answer\/6004245?hl=hr\">https:\/\/support.google.com\/analytics\/answer\/6004245?hl=hr<\/a><\/p>\n\n\n\n<h2 class=\"wp-block-heading\">Obrada podataka po ugovoru<\/h2>\n\n\n\n<p>Dogovorili smo se s Googleom u vezi s ugovornom obradom podataka i primijenili smo stroge i opse\u017ene standarde tijela za za\u0161titu podataka s Google Analyticsom.<\/p>\n\n\n\n<h2 class=\"wp-block-heading\">Funkcija demografskih karakteristika usluge Google Analytics<\/h2>\n\n\n\n<p>Ova web stranica koristi funkciju &#8220;demografskih karakteristika&#8221; usluge Google Analytics. Omogu\u0107uje stvaranje izvje\u0161\u0107a koja sadr\u017ee informacije o dobi, spolu i interesima posjetitelja web stranice. Ovi podaci potje\u010du od ogla\u0161avanja povezanog s interesima od Googlea i podataka o posjetiteljima tre\u0107ih strana. Ti se podaci ne mogu pripisati odre\u0111enoj osobi. Ovu funkciju mo\u017eete deaktivirati u bilo kojem trenutku putem postavki oglasa na Google ra\u010dunu ili op\u0107enito zabranom prikupljanja podataka od strane Google Analyticsa, kao \u0161to je opisano pod naslovom &#8220;Prigovor na kompilaciju podataka&#8221;.<\/p>\n\n\n\n<h2 class=\"wp-block-heading\">YouTube<\/h2>\n\n\n\n<p>Na\u0161e web mjesto koristi dodatke s web mjesta YouTube koje pokre\u0107e Google. Operater stranica je YouTube, LLC, 901 Cherry Ave., CA 94066, USA. Kada posjetite jednu od na\u0161ih stranica s dodatkom za YouTube, bit \u0107ete povezani s poslu\u017eiteljima YouTubea. Pritom \u0107e se podaci o tome koje ste na\u0161e web stranice posjetili podijeliti s YouTube poslu\u017eiteljem.<\/p>\n\n\n\n<p>Ako ste prijavljeni na svoj YouTube ra\u010dun, omogu\u0107ite YouTubeu da izravno dodijeli va\u0161e aktivnosti surfanja va\u0161em osobnom profilu. To mo\u017eete sprije\u010diti odjavom sa svog YouTube ra\u010duna.<\/p>\n\n\n\n<p>Dodatne informacije o postupanju s korisni\u010dkim podacima mo\u017eete prona\u0107i u YouTube-ovoj izjavi o za\u0161titi podataka pod: <a href=\"https:\/\/policies.google.com\/privacy?hl=hr&amp;gl=de\">https:\/\/policies.google.com\/privacy?hl=hr&amp;gl=de<\/a><\/p>\n\n\n\n<h2 class=\"wp-block-heading\">SSL \u0161ifriranje<\/h2>\n\n\n\n<p>Ova web stranica koristi SSL \u0161ifriranje iz sigurnosnih razloga i radi za\u0161tite prijenosa povjerljivog sadr\u017eaja, kao \u0161to su upiti koje nam \u0161aljete kao korisnik web stranice. \u0160ifrirana veza mo\u017ee se prepoznati kada se adresna traka preglednika promijeni iz &#8220;http: \/\/&#8221; u &#8220;https: \/\/&#8221; i pojavom simbola zaklju\u010davanja na traci preglednika.<\/p>\n\n\n\n<p>Kada je SSL \u0161ifriranje aktivirano, podatke koje nam \u0161aljete ne mogu \u010ditati tre\u0107e strane.<\/p>\n\n\n\n<h2 class=\"wp-block-heading\">Pravo na informacije, brisanje, blokiranje<\/h2>\n\n\n\n<p>Imate pravo na osnovna prava na informacije, izmjene, brisanje, ograni\u010denje, prijenos podataka, povla\u010denje i protest. Ako mislite da obrada va\u0161ih podataka kr\u0161i pravo na za\u0161titu podataka ili da su vam ve\u0107 povrije\u0111ena prava na za\u0161titu podataka, mo\u017eete podnijeti \u017ealbu vlastima za za\u0161titu podataka.<\/p>\n\n\n\n<p>Mo\u017eete nas kontaktirati putem sljede\u0107ih podataka za kontakt:<br><a href=\"mailto:info@siasplithotel.hr\">info@siasplithotel.hr<\/a><\/p>\n\t\t\t\t\t\t\t\t<\/div>\n\t\t\t\t<\/div>\n\t\t\t\t\t<\/div>\n\t\t\t\t<\/div>\n\t\t\t\t<\/div>\n\t\t","protected":false},"excerpt":{"rendered":"<p>Za\u0161tita podataka Operater ovih web stranica vrlo ozbiljno shva\u0107a za\u0161titu va\u0161ih osobnih podataka. Va\u0161im osobnim podacima rukujemo povjerljivo i u skladu s propisima o za\u0161titi podataka, kao i ovom izjavom o za\u0161titi podataka. Kori\u0161tenje na\u0161ih web stranica uglavnom ne zahtijeva da navedete osobne podatke. Ukoliko se prikupljaju osobni podaci (ime, adresa ili adresa e-po\u0161te), oni [&hellip;]<\/p>\n","protected":false},"author":1,"featured_media":0,"parent":0,"menu_order":0,"comment_status":"closed","ping_status":"closed","template":"elementor_header_footer","meta":{"footnotes":""},"class_list":["post-1184","page","type-page","status-publish","hentry"],"yoast_head":"<!-- This site is optimized with the Yoast SEO plugin v26.6 - https:\/\/yoast.com\/wordpress\/plugins\/seo\/ -->\n<title>Politika privatnosti - Sia Hotel<\/title>\n<meta name=\"description\" content=\"Operater ovih web stranica vrlo ozbiljno shva\u0107a za\u0161titu va\u0161ih osobnih podataka. Va\u0161im osobnim podacima rukujemo povjerljivo i u skladu s propisima o za\u0161titi podataka, kao i ovom izjavom o za\u0161titi podataka.\" \/>\n<meta name=\"robots\" content=\"index, follow, max-snippet:-1, max-image-preview:large, max-video-preview:-1\" \/>\n<link rel=\"canonical\" href=\"https:\/\/siasplithotel.hr\/hr\/politika-privatnosti\/\" \/>\n<meta property=\"og:locale\" content=\"hr_HR\" \/>\n<meta property=\"og:type\" content=\"article\" \/>\n<meta property=\"og:title\" content=\"Politika privatnosti - Sia Hotel\" \/>\n<meta property=\"og:description\" content=\"Operater ovih web stranica vrlo ozbiljno shva\u0107a za\u0161titu va\u0161ih osobnih podataka. Va\u0161im osobnim podacima rukujemo povjerljivo i u skladu s propisima o za\u0161titi podataka, kao i ovom izjavom o za\u0161titi podataka.\" \/>\n<meta property=\"og:url\" content=\"https:\/\/siasplithotel.hr\/hr\/politika-privatnosti\/\" \/>\n<meta property=\"og:site_name\" content=\"Sia Hotel\" \/>\n<meta property=\"article:modified_time\" content=\"2024-11-25T09:43:38+00:00\" \/>\n<meta name=\"twitter:card\" content=\"summary_large_image\" \/>\n<meta name=\"twitter:label1\" content=\"Procijenjeno vrijeme \u010ditanja\" \/>\n\t<meta name=\"twitter:data1\" content=\"4 minute\" \/>\n<script type=\"application\/ld+json\" class=\"yoast-schema-graph\">{\"@context\":\"https:\/\/schema.org\",\"@graph\":[{\"@type\":\"WebPage\",\"@id\":\"https:\/\/siasplithotel.hr\/hr\/politika-privatnosti\/\",\"url\":\"https:\/\/siasplithotel.hr\/hr\/politika-privatnosti\/\",\"name\":\"Politika privatnosti - Sia Hotel\",\"isPartOf\":{\"@id\":\"https:\/\/siasplithotel.hr\/#website\"},\"datePublished\":\"2024-07-25T09:01:26+00:00\",\"dateModified\":\"2024-11-25T09:43:38+00:00\",\"description\":\"Operater ovih web stranica vrlo ozbiljno shva\u0107a za\u0161titu va\u0161ih osobnih podataka. Va\u0161im osobnim podacima rukujemo povjerljivo i u skladu s propisima o za\u0161titi podataka, kao i ovom izjavom o za\u0161titi podataka.\",\"breadcrumb\":{\"@id\":\"https:\/\/siasplithotel.hr\/hr\/politika-privatnosti\/#breadcrumb\"},\"inLanguage\":\"hr\",\"potentialAction\":[{\"@type\":\"ReadAction\",\"target\":[\"https:\/\/siasplithotel.hr\/hr\/politika-privatnosti\/\"]}]},{\"@type\":\"BreadcrumbList\",\"@id\":\"https:\/\/siasplithotel.hr\/hr\/politika-privatnosti\/#breadcrumb\",\"itemListElement\":[{\"@type\":\"ListItem\",\"position\":1,\"name\":\"Home\",\"item\":\"https:\/\/siasplithotel.hr\/hr\/\"},{\"@type\":\"ListItem\",\"position\":2,\"name\":\"Politika privatnosti\"}]},{\"@type\":\"WebSite\",\"@id\":\"https:\/\/siasplithotel.hr\/#website\",\"url\":\"https:\/\/siasplithotel.hr\/\",\"name\":\"Sia Hotel\",\"description\":\"\",\"publisher\":{\"@id\":\"https:\/\/siasplithotel.hr\/#organization\"},\"potentialAction\":[{\"@type\":\"SearchAction\",\"target\":{\"@type\":\"EntryPoint\",\"urlTemplate\":\"https:\/\/siasplithotel.hr\/?s={search_term_string}\"},\"query-input\":{\"@type\":\"PropertyValueSpecification\",\"valueRequired\":true,\"valueName\":\"search_term_string\"}}],\"inLanguage\":\"hr\"},{\"@type\":\"Organization\",\"@id\":\"https:\/\/siasplithotel.hr\/#organization\",\"name\":\"Sia Hotel\",\"url\":\"https:\/\/siasplithotel.hr\/\",\"logo\":{\"@type\":\"ImageObject\",\"inLanguage\":\"hr\",\"@id\":\"https:\/\/siasplithotel.hr\/#\/schema\/logo\/image\/\",\"url\":\"https:\/\/siasplithotel.hr\/wp-content\/uploads\/2024\/07\/logo.png\",\"contentUrl\":\"https:\/\/siasplithotel.hr\/wp-content\/uploads\/2024\/07\/logo.png\",\"width\":264,\"height\":197,\"caption\":\"Sia Hotel\"},\"image\":{\"@id\":\"https:\/\/siasplithotel.hr\/#\/schema\/logo\/image\/\"}}]}<\/script>\n<!-- \/ Yoast SEO plugin. -->","yoast_head_json":{"title":"Politika privatnosti - Sia Hotel","description":"Operater ovih web stranica vrlo ozbiljno shva\u0107a za\u0161titu va\u0161ih osobnih podataka. Va\u0161im osobnim podacima rukujemo povjerljivo i u skladu s propisima o za\u0161titi podataka, kao i ovom izjavom o za\u0161titi podataka.","robots":{"index":"index","follow":"follow","max-snippet":"max-snippet:-1","max-image-preview":"max-image-preview:large","max-video-preview":"max-video-preview:-1"},"canonical":"https:\/\/siasplithotel.hr\/hr\/politika-privatnosti\/","og_locale":"hr_HR","og_type":"article","og_title":"Politika privatnosti - Sia Hotel","og_description":"Operater ovih web stranica vrlo ozbiljno shva\u0107a za\u0161titu va\u0161ih osobnih podataka. Va\u0161im osobnim podacima rukujemo povjerljivo i u skladu s propisima o za\u0161titi podataka, kao i ovom izjavom o za\u0161titi podataka.","og_url":"https:\/\/siasplithotel.hr\/hr\/politika-privatnosti\/","og_site_name":"Sia Hotel","article_modified_time":"2024-11-25T09:43:38+00:00","twitter_card":"summary_large_image","twitter_misc":{"Procijenjeno vrijeme \u010ditanja":"4 minute"},"schema":{"@context":"https:\/\/schema.org","@graph":[{"@type":"WebPage","@id":"https:\/\/siasplithotel.hr\/hr\/politika-privatnosti\/","url":"https:\/\/siasplithotel.hr\/hr\/politika-privatnosti\/","name":"Politika privatnosti - Sia Hotel","isPartOf":{"@id":"https:\/\/siasplithotel.hr\/#website"},"datePublished":"2024-07-25T09:01:26+00:00","dateModified":"2024-11-25T09:43:38+00:00","description":"Operater ovih web stranica vrlo ozbiljno shva\u0107a za\u0161titu va\u0161ih osobnih podataka. Va\u0161im osobnim podacima rukujemo povjerljivo i u skladu s propisima o za\u0161titi podataka, kao i ovom izjavom o za\u0161titi podataka.","breadcrumb":{"@id":"https:\/\/siasplithotel.hr\/hr\/politika-privatnosti\/#breadcrumb"},"inLanguage":"hr","potentialAction":[{"@type":"ReadAction","target":["https:\/\/siasplithotel.hr\/hr\/politika-privatnosti\/"]}]},{"@type":"BreadcrumbList","@id":"https:\/\/siasplithotel.hr\/hr\/politika-privatnosti\/#breadcrumb","itemListElement":[{"@type":"ListItem","position":1,"name":"Home","item":"https:\/\/siasplithotel.hr\/hr\/"},{"@type":"ListItem","position":2,"name":"Politika privatnosti"}]},{"@type":"WebSite","@id":"https:\/\/siasplithotel.hr\/#website","url":"https:\/\/siasplithotel.hr\/","name":"Sia Hotel","description":"","publisher":{"@id":"https:\/\/siasplithotel.hr\/#organization"},"potentialAction":[{"@type":"SearchAction","target":{"@type":"EntryPoint","urlTemplate":"https:\/\/siasplithotel.hr\/?s={search_term_string}"},"query-input":{"@type":"PropertyValueSpecification","valueRequired":true,"valueName":"search_term_string"}}],"inLanguage":"hr"},{"@type":"Organization","@id":"https:\/\/siasplithotel.hr\/#organization","name":"Sia Hotel","url":"https:\/\/siasplithotel.hr\/","logo":{"@type":"ImageObject","inLanguage":"hr","@id":"https:\/\/siasplithotel.hr\/#\/schema\/logo\/image\/","url":"https:\/\/siasplithotel.hr\/wp-content\/uploads\/2024\/07\/logo.png","contentUrl":"https:\/\/siasplithotel.hr\/wp-content\/uploads\/2024\/07\/logo.png","width":264,"height":197,"caption":"Sia Hotel"},"image":{"@id":"https:\/\/siasplithotel.hr\/#\/schema\/logo\/image\/"}}]}},"_links":{"self":[{"href":"https:\/\/siasplithotel.hr\/hr\/wp-json\/wp\/v2\/pages\/1184","targetHints":{"allow":["GET"]}}],"collection":[{"href":"https:\/\/siasplithotel.hr\/hr\/wp-json\/wp\/v2\/pages"}],"about":[{"href":"https:\/\/siasplithotel.hr\/hr\/wp-json\/wp\/v2\/types\/page"}],"author":[{"embeddable":true,"href":"https:\/\/siasplithotel.hr\/hr\/wp-json\/wp\/v2\/users\/1"}],"replies":[{"embeddable":true,"href":"https:\/\/siasplithotel.hr\/hr\/wp-json\/wp\/v2\/comments?post=1184"}],"version-history":[{"count":6,"href":"https:\/\/siasplithotel.hr\/hr\/wp-json\/wp\/v2\/pages\/1184\/revisions"}],"predecessor-version":[{"id":1325,"href":"https:\/\/siasplithotel.hr\/hr\/wp-json\/wp\/v2\/pages\/1184\/revisions\/1325"}],"wp:attachment":[{"href":"https:\/\/siasplithotel.hr\/hr\/wp-json\/wp\/v2\/media?parent=1184"}],"curies":[{"name":"wp","href":"https:\/\/api.w.org\/{rel}","templated":true}]}}