{"id":1178,"date":"2024-07-31T09:07:58","date_gmt":"2024-07-31T09:07:58","guid":{"rendered":"https:\/\/siasplithotel.hr\/house-rules\/"},"modified":"2024-11-25T09:42:06","modified_gmt":"2024-11-25T09:42:06","slug":"kucna-pravila","status":"publish","type":"page","link":"https:\/\/siasplithotel.hr\/hr\/kucna-pravila\/","title":{"rendered":"Ku\u0107na pravila"},"content":{"rendered":"\t\t<div data-elementor-type=\"wp-page\" data-elementor-id=\"1178\" class=\"elementor elementor-1178 elementor-491\" data-elementor-post-type=\"page\">\n\t\t\t\t<div class=\"elementor-element elementor-element-5c427da e-flex e-con-boxed e-con e-parent\" data-id=\"5c427da\" data-element_type=\"container\" data-settings=\"{&quot;background_background&quot;:&quot;classic&quot;}\">\n\t\t\t\t\t<div class=\"e-con-inner\">\n\t\t<div class=\"elementor-element elementor-element-bb9d97d e-con-full e-flex e-con e-child\" data-id=\"bb9d97d\" data-element_type=\"container\">\n\t\t\t\t<div class=\"elementor-element elementor-element-b27c34b elementor-widget elementor-widget-heading\" data-id=\"b27c34b\" data-element_type=\"widget\" data-widget_type=\"heading.default\">\n\t\t\t\t<div class=\"elementor-widget-container\">\n\t\t\t\t\t<h1 class=\"elementor-heading-title elementor-size-default\">Ku\u0107na pravila<\/h1>\t\t\t\t<\/div>\n\t\t\t\t<\/div>\n\t\t\t\t<\/div>\n\t\t\t\t\t<\/div>\n\t\t\t\t<\/div>\n\t\t<div class=\"elementor-element elementor-element-ca1cafe e-flex e-con-boxed e-con e-parent\" data-id=\"ca1cafe\" data-element_type=\"container\">\n\t\t\t\t\t<div class=\"e-con-inner\">\n\t\t\t\t<div class=\"elementor-element elementor-element-3bd8aa92 elementor-widget elementor-widget-text-editor\" data-id=\"3bd8aa92\" data-element_type=\"widget\" data-widget_type=\"text-editor.default\">\n\t\t\t\t<div class=\"elementor-widget-container\">\n\t\t\t\t\t\t\t\t\t<p>Dragi gosti,<br \/>Kako bi vam boravak u na\u0161em hotelu bio \u0161to ugodniji, ljubazno molimo da uzmete u obzir sljede\u0107e informacije:<\/p><ul class=\"wp-block-list\"><li>Smje\u0161tajem u SIA Split Hotelu mo\u017ee se slu\u017eiti samo ona osoba koja je uredno prijavljena na recepciji hotela.<\/li><li>Posjeti u sobi nisu dopu\u0161teni. Molili bi vas, da za dru\u017eenje ili razgovor s va\u0161im gostima, iskoristite prostor na\u0161eg Lobby bara ili restorana.<\/li><li>Unos lako zapaljivih ili eksplozivnih materijala te unos predmeta neugodna mirisa nije dopu\u0161ten ni u koji prostor na\u0161eg Hotela.<\/li><li>Prema Zakonu o ograni\u010davanju uporabe duhanskih proizvoda pu\u0161enje nije dopu\u0161teno u svim javnim i zatvorenim prostorima Hotela te kr\u0161enje navedenog uvjetovat \u0107e pla\u0107anje odre\u0111ene nov\u010dane naknade.<\/li><li>Pranje, su\u0161enje i gla\u010danje rublja u sobi nije dopu\u0161teno. Molimo vas da za takve potrebe koristite usluge na\u0161e hotelske praonice rublja.<\/li><li>Dono\u0161enje i konzumacija vlastite hrane i pi\u0107a, te naru\u010divanje dostave od ugostiteljskih objekata koji nisu u sklopu Hotela, zbog sanitarnih razloga, nije dopu\u0161teno u sobi ni u bilo kojem prostoru Hotela.<\/li><li>Kuhanje ili bilo koji vid pripreme hrane nije dopu\u0161ten u sobi.<\/li><li>Uni\u0161tavanje Hotelskog inventara strogo je zabranjeno, ka\u017enjivo naplatom po\u010dinjene \u0161tete procijenjene od strane na\u0161eg menad\u017ementa te izbacivanjem iz samog objekta.<\/li><li>Ku\u0107ni ljubimci zbog higijenskih razloga nisu dozvoljeni u bilo kojem prostoru Hotela.<\/li><li>Ako va\u0161e dragocjenosti, novac i dokumenti nisu pohranjeni u sobnom sefu uz osobnu \u0161ifru, Hotel ne preuzima odgovornost za njihov eventualni nestanak.<\/li><li>Molimo vas da pri izlasku iz sobe obavezno zatvorite vrata. Karticu sobe pri izlasku iz Hotela nije potrebno vra\u010dati na recepciju.<\/li><li>Molimo Vas da karticu sobe vratite prilikom odjave iz Hotela.<\/li><li>Molimo vas da sobu oslobodite najkasnije do 11.00 sati na dan odlaska. Zadr\u017eavanje u sobi nakon 11.00 sati uvjetuje dodatnu naplatu boravka.<\/li><li>U slu\u010daju kasnijeg odlaska iz Hotela molimo vas da odlazak najavite recepciji najkasnije do 10.00 sati na dan odlaska.<\/li><li>Molimo vas da ne stvarate buku u sobama, hodnicima i javnim povr\u0161inama koja mo\u017ee ometati druge goste u hotelu, osobito u periodu od 22.00 sata do 8.00 sati.<br \/><br \/>Unaprijed vam zahvaljujemo na razumijevanju.<\/li><\/ul>\t\t\t\t\t\t\t\t<\/div>\n\t\t\t\t<\/div>\n\t\t\t\t\t<\/div>\n\t\t\t\t<\/div>\n\t\t\t\t<\/div>\n\t\t","protected":false},"excerpt":{"rendered":"<p>Dragi gosti,Kako bi vam boravak u na\u0161em hotelu bio \u0161to ugodniji, ljubazno molimo da uzmete u obzir sljede\u0107e informacije: Smje\u0161tajem u SIA Split Hotelu mo\u017ee se slu\u017eiti samo ona osoba koja je uredno prijavljena na recepciji hotela. Posjeti u sobi nisu dopu\u0161teni. Molili bi vas, da za dru\u017eenje ili razgovor s va\u0161im gostima, iskoristite prostor [&hellip;]<\/p>\n","protected":false},"author":1,"featured_media":0,"parent":0,"menu_order":0,"comment_status":"closed","ping_status":"closed","template":"elementor_header_footer","meta":{"footnotes":""},"class_list":["post-1178","page","type-page","status-publish","hentry"],"yoast_head":"<!-- This site is optimized with the Yoast SEO plugin v26.6 - https:\/\/yoast.com\/wordpress\/plugins\/seo\/ -->\n<title>Ku\u0107na pravila - Sia Hotel<\/title>\n<meta name=\"description\" content=\"Kako bi vam boravak u na\u0161em hotelu bio \u0161to ugodniji, ljubazno molimo da uzmete u obzir sljede\u0107e informacije\" \/>\n<meta name=\"robots\" content=\"index, follow, max-snippet:-1, max-image-preview:large, max-video-preview:-1\" \/>\n<link rel=\"canonical\" href=\"https:\/\/siasplithotel.hr\/hr\/kucna-pravila\/\" \/>\n<meta property=\"og:locale\" content=\"hr_HR\" \/>\n<meta property=\"og:type\" content=\"article\" \/>\n<meta property=\"og:title\" content=\"Ku\u0107na pravila - Sia Hotel\" \/>\n<meta property=\"og:description\" content=\"Kako bi vam boravak u na\u0161em hotelu bio \u0161to ugodniji, ljubazno molimo da uzmete u obzir sljede\u0107e informacije\" \/>\n<meta property=\"og:url\" content=\"https:\/\/siasplithotel.hr\/hr\/kucna-pravila\/\" \/>\n<meta property=\"og:site_name\" content=\"Sia Hotel\" \/>\n<meta property=\"article:modified_time\" content=\"2024-11-25T09:42:06+00:00\" \/>\n<meta name=\"twitter:card\" content=\"summary_large_image\" \/>\n<meta name=\"twitter:label1\" content=\"Procijenjeno vrijeme \u010ditanja\" \/>\n\t<meta name=\"twitter:data1\" content=\"2 minute\" \/>\n<script type=\"application\/ld+json\" class=\"yoast-schema-graph\">{\"@context\":\"https:\/\/schema.org\",\"@graph\":[{\"@type\":\"WebPage\",\"@id\":\"https:\/\/siasplithotel.hr\/hr\/kucna-pravila\/\",\"url\":\"https:\/\/siasplithotel.hr\/hr\/kucna-pravila\/\",\"name\":\"Ku\u0107na pravila - Sia Hotel\",\"isPartOf\":{\"@id\":\"https:\/\/siasplithotel.hr\/#website\"},\"datePublished\":\"2024-07-31T09:07:58+00:00\",\"dateModified\":\"2024-11-25T09:42:06+00:00\",\"description\":\"Kako bi vam boravak u na\u0161em hotelu bio \u0161to ugodniji, ljubazno molimo da uzmete u obzir sljede\u0107e informacije\",\"breadcrumb\":{\"@id\":\"https:\/\/siasplithotel.hr\/hr\/kucna-pravila\/#breadcrumb\"},\"inLanguage\":\"hr\",\"potentialAction\":[{\"@type\":\"ReadAction\",\"target\":[\"https:\/\/siasplithotel.hr\/hr\/kucna-pravila\/\"]}]},{\"@type\":\"BreadcrumbList\",\"@id\":\"https:\/\/siasplithotel.hr\/hr\/kucna-pravila\/#breadcrumb\",\"itemListElement\":[{\"@type\":\"ListItem\",\"position\":1,\"name\":\"Home\",\"item\":\"https:\/\/siasplithotel.hr\/hr\/\"},{\"@type\":\"ListItem\",\"position\":2,\"name\":\"Ku\u0107na pravila\"}]},{\"@type\":\"WebSite\",\"@id\":\"https:\/\/siasplithotel.hr\/#website\",\"url\":\"https:\/\/siasplithotel.hr\/\",\"name\":\"Sia Hotel\",\"description\":\"\",\"publisher\":{\"@id\":\"https:\/\/siasplithotel.hr\/#organization\"},\"potentialAction\":[{\"@type\":\"SearchAction\",\"target\":{\"@type\":\"EntryPoint\",\"urlTemplate\":\"https:\/\/siasplithotel.hr\/?s={search_term_string}\"},\"query-input\":{\"@type\":\"PropertyValueSpecification\",\"valueRequired\":true,\"valueName\":\"search_term_string\"}}],\"inLanguage\":\"hr\"},{\"@type\":\"Organization\",\"@id\":\"https:\/\/siasplithotel.hr\/#organization\",\"name\":\"Sia Hotel\",\"url\":\"https:\/\/siasplithotel.hr\/\",\"logo\":{\"@type\":\"ImageObject\",\"inLanguage\":\"hr\",\"@id\":\"https:\/\/siasplithotel.hr\/#\/schema\/logo\/image\/\",\"url\":\"https:\/\/siasplithotel.hr\/wp-content\/uploads\/2024\/07\/logo.png\",\"contentUrl\":\"https:\/\/siasplithotel.hr\/wp-content\/uploads\/2024\/07\/logo.png\",\"width\":264,\"height\":197,\"caption\":\"Sia Hotel\"},\"image\":{\"@id\":\"https:\/\/siasplithotel.hr\/#\/schema\/logo\/image\/\"}}]}<\/script>\n<!-- \/ Yoast SEO plugin. -->","yoast_head_json":{"title":"Ku\u0107na pravila - Sia Hotel","description":"Kako bi vam boravak u na\u0161em hotelu bio \u0161to ugodniji, ljubazno molimo da uzmete u obzir sljede\u0107e informacije","robots":{"index":"index","follow":"follow","max-snippet":"max-snippet:-1","max-image-preview":"max-image-preview:large","max-video-preview":"max-video-preview:-1"},"canonical":"https:\/\/siasplithotel.hr\/hr\/kucna-pravila\/","og_locale":"hr_HR","og_type":"article","og_title":"Ku\u0107na pravila - Sia Hotel","og_description":"Kako bi vam boravak u na\u0161em hotelu bio \u0161to ugodniji, ljubazno molimo da uzmete u obzir sljede\u0107e informacije","og_url":"https:\/\/siasplithotel.hr\/hr\/kucna-pravila\/","og_site_name":"Sia Hotel","article_modified_time":"2024-11-25T09:42:06+00:00","twitter_card":"summary_large_image","twitter_misc":{"Procijenjeno vrijeme \u010ditanja":"2 minute"},"schema":{"@context":"https:\/\/schema.org","@graph":[{"@type":"WebPage","@id":"https:\/\/siasplithotel.hr\/hr\/kucna-pravila\/","url":"https:\/\/siasplithotel.hr\/hr\/kucna-pravila\/","name":"Ku\u0107na pravila - Sia Hotel","isPartOf":{"@id":"https:\/\/siasplithotel.hr\/#website"},"datePublished":"2024-07-31T09:07:58+00:00","dateModified":"2024-11-25T09:42:06+00:00","description":"Kako bi vam boravak u na\u0161em hotelu bio \u0161to ugodniji, ljubazno molimo da uzmete u obzir sljede\u0107e informacije","breadcrumb":{"@id":"https:\/\/siasplithotel.hr\/hr\/kucna-pravila\/#breadcrumb"},"inLanguage":"hr","potentialAction":[{"@type":"ReadAction","target":["https:\/\/siasplithotel.hr\/hr\/kucna-pravila\/"]}]},{"@type":"BreadcrumbList","@id":"https:\/\/siasplithotel.hr\/hr\/kucna-pravila\/#breadcrumb","itemListElement":[{"@type":"ListItem","position":1,"name":"Home","item":"https:\/\/siasplithotel.hr\/hr\/"},{"@type":"ListItem","position":2,"name":"Ku\u0107na pravila"}]},{"@type":"WebSite","@id":"https:\/\/siasplithotel.hr\/#website","url":"https:\/\/siasplithotel.hr\/","name":"Sia Hotel","description":"","publisher":{"@id":"https:\/\/siasplithotel.hr\/#organization"},"potentialAction":[{"@type":"SearchAction","target":{"@type":"EntryPoint","urlTemplate":"https:\/\/siasplithotel.hr\/?s={search_term_string}"},"query-input":{"@type":"PropertyValueSpecification","valueRequired":true,"valueName":"search_term_string"}}],"inLanguage":"hr"},{"@type":"Organization","@id":"https:\/\/siasplithotel.hr\/#organization","name":"Sia Hotel","url":"https:\/\/siasplithotel.hr\/","logo":{"@type":"ImageObject","inLanguage":"hr","@id":"https:\/\/siasplithotel.hr\/#\/schema\/logo\/image\/","url":"https:\/\/siasplithotel.hr\/wp-content\/uploads\/2024\/07\/logo.png","contentUrl":"https:\/\/siasplithotel.hr\/wp-content\/uploads\/2024\/07\/logo.png","width":264,"height":197,"caption":"Sia Hotel"},"image":{"@id":"https:\/\/siasplithotel.hr\/#\/schema\/logo\/image\/"}}]}},"_links":{"self":[{"href":"https:\/\/siasplithotel.hr\/hr\/wp-json\/wp\/v2\/pages\/1178","targetHints":{"allow":["GET"]}}],"collection":[{"href":"https:\/\/siasplithotel.hr\/hr\/wp-json\/wp\/v2\/pages"}],"about":[{"href":"https:\/\/siasplithotel.hr\/hr\/wp-json\/wp\/v2\/types\/page"}],"author":[{"embeddable":true,"href":"https:\/\/siasplithotel.hr\/hr\/wp-json\/wp\/v2\/users\/1"}],"replies":[{"embeddable":true,"href":"https:\/\/siasplithotel.hr\/hr\/wp-json\/wp\/v2\/comments?post=1178"}],"version-history":[{"count":4,"href":"https:\/\/siasplithotel.hr\/hr\/wp-json\/wp\/v2\/pages\/1178\/revisions"}],"predecessor-version":[{"id":1183,"href":"https:\/\/siasplithotel.hr\/hr\/wp-json\/wp\/v2\/pages\/1178\/revisions\/1183"}],"wp:attachment":[{"href":"https:\/\/siasplithotel.hr\/hr\/wp-json\/wp\/v2\/media?parent=1178"}],"curies":[{"name":"wp","href":"https:\/\/api.w.org\/{rel}","templated":true}]}}