{"id":1165,"date":"2024-07-25T10:22:49","date_gmt":"2024-07-25T10:22:49","guid":{"rendered":"https:\/\/siasplithotel.hr\/events\/"},"modified":"2024-11-25T09:37:40","modified_gmt":"2024-11-25T09:37:40","slug":"dogadanja","status":"publish","type":"page","link":"https:\/\/siasplithotel.hr\/hr\/dogadanja\/","title":{"rendered":"Doga\u0111anja"},"content":{"rendered":"\t\t<div data-elementor-type=\"wp-page\" data-elementor-id=\"1165\" class=\"elementor elementor-1165 elementor-58\" data-elementor-post-type=\"page\">\n\t\t\t\t<div class=\"elementor-element elementor-element-7c69c3ef e-con-full e-flex e-con e-parent\" data-id=\"7c69c3ef\" data-element_type=\"container\">\n\t\t<div class=\"elementor-element elementor-element-34ea1cb6 e-con-full e-flex e-con e-child\" data-id=\"34ea1cb6\" data-element_type=\"container\">\n\t\t\t\t<div class=\"elementor-element elementor-element-7925ef5d gallery_carousel elementor-arrows-position-inside elementor-pagination-position-outside elementor-widget elementor-widget-image-carousel\" data-id=\"7925ef5d\" data-element_type=\"widget\" data-settings=\"{&quot;slides_to_show&quot;:&quot;3&quot;,&quot;slides_to_scroll&quot;:&quot;1&quot;,&quot;slides_to_show_tablet&quot;:&quot;1&quot;,&quot;navigation&quot;:&quot;both&quot;,&quot;autoplay&quot;:&quot;yes&quot;,&quot;pause_on_hover&quot;:&quot;yes&quot;,&quot;pause_on_interaction&quot;:&quot;yes&quot;,&quot;autoplay_speed&quot;:5000,&quot;infinite&quot;:&quot;yes&quot;,&quot;speed&quot;:500,&quot;image_spacing_custom&quot;:{&quot;unit&quot;:&quot;px&quot;,&quot;size&quot;:20,&quot;sizes&quot;:[]}}\" data-widget_type=\"image-carousel.default\">\n\t\t\t\t<div class=\"elementor-widget-container\">\n\t\t\t\t\t\t\t<div class=\"elementor-image-carousel-wrapper swiper\" role=\"region\" aria-roledescription=\"carousel\" aria-label=\"Vrtuljak slika\" dir=\"ltr\">\n\t\t\t<div class=\"elementor-image-carousel swiper-wrapper swiper-image-stretch\" aria-live=\"off\">\n\t\t\t\t\t\t\t\t<div class=\"swiper-slide\" role=\"group\" aria-roledescription=\"slide\" aria-label=\"1 od 5\"><figure class=\"swiper-slide-inner\"><img decoding=\"async\" class=\"swiper-slide-image\" src=\"https:\/\/siasplithotel.hr\/wp-content\/uploads\/2024\/07\/1.jpg\" alt=\"SIA Split Hotel\" \/><\/figure><\/div><div class=\"swiper-slide\" role=\"group\" aria-roledescription=\"slide\" aria-label=\"2 od 5\"><figure class=\"swiper-slide-inner\"><img decoding=\"async\" class=\"swiper-slide-image\" src=\"https:\/\/siasplithotel.hr\/wp-content\/uploads\/2024\/07\/3.jpg\" alt=\"SIA Split Hotel\" \/><\/figure><\/div><div class=\"swiper-slide\" role=\"group\" aria-roledescription=\"slide\" aria-label=\"3 od 5\"><figure class=\"swiper-slide-inner\"><img decoding=\"async\" class=\"swiper-slide-image\" src=\"https:\/\/siasplithotel.hr\/wp-content\/uploads\/2024\/07\/dcfbdjhbvd.jpg\" alt=\"SIA Split Hotel\" \/><\/figure><\/div><div class=\"swiper-slide\" role=\"group\" aria-roledescription=\"slide\" aria-label=\"4 od 5\"><figure class=\"swiper-slide-inner\"><img decoding=\"async\" class=\"swiper-slide-image\" src=\"https:\/\/siasplithotel.hr\/wp-content\/uploads\/2024\/07\/fvbjhf.jpg\" alt=\"SIA Split Hotel\" \/><\/figure><\/div><div class=\"swiper-slide\" role=\"group\" aria-roledescription=\"slide\" aria-label=\"5 od 5\"><figure class=\"swiper-slide-inner\"><img decoding=\"async\" class=\"swiper-slide-image\" src=\"https:\/\/siasplithotel.hr\/wp-content\/uploads\/2024\/07\/IMG-cbdhjvdd.jpg\" alt=\"SIA Split Hotel\" \/><\/figure><\/div>\t\t\t<\/div>\n\t\t\t\t\t\t\t\t\t\t\t\t<div class=\"elementor-swiper-button elementor-swiper-button-prev\" role=\"button\" tabindex=\"0\">\n\t\t\t\t\t\t<svg aria-hidden=\"true\" class=\"e-font-icon-svg e-eicon-chevron-left\" viewBox=\"0 0 1000 1000\" xmlns=\"http:\/\/www.w3.org\/2000\/svg\"><path d=\"M646 125C629 125 613 133 604 142L308 442C296 454 292 471 292 487 292 504 296 521 308 533L604 854C617 867 629 875 646 875 663 875 679 871 692 858 704 846 713 829 713 812 713 796 708 779 692 767L438 487 692 225C700 217 708 204 708 187 708 171 704 154 692 142 675 129 663 125 646 125Z\"><\/path><\/svg>\t\t\t\t\t<\/div>\n\t\t\t\t\t<div class=\"elementor-swiper-button elementor-swiper-button-next\" role=\"button\" tabindex=\"0\">\n\t\t\t\t\t\t<svg aria-hidden=\"true\" class=\"e-font-icon-svg e-eicon-chevron-right\" viewBox=\"0 0 1000 1000\" xmlns=\"http:\/\/www.w3.org\/2000\/svg\"><path d=\"M696 533C708 521 713 504 713 487 713 471 708 454 696 446L400 146C388 133 375 125 354 125 338 125 325 129 313 142 300 154 292 171 292 187 292 204 296 221 308 233L563 492 304 771C292 783 288 800 288 817 288 833 296 850 308 863 321 871 338 875 354 875 371 875 388 867 400 854L696 533Z\"><\/path><\/svg>\t\t\t\t\t<\/div>\n\t\t\t\t\n\t\t\t\t\t\t\t\t\t<div class=\"swiper-pagination\"><\/div>\n\t\t\t\t\t\t\t\t\t<\/div>\n\t\t\t\t\t\t<\/div>\n\t\t\t\t<\/div>\n\t\t\t\t<\/div>\n\t\t\t\t<\/div>\n\t\t<div class=\"elementor-element elementor-element-6e9d9d4c e-flex e-con-boxed e-con e-parent\" data-id=\"6e9d9d4c\" data-element_type=\"container\">\n\t\t\t\t\t<div class=\"e-con-inner\">\n\t\t<div class=\"elementor-element elementor-element-253215bd e-flex e-con-boxed e-con e-child\" data-id=\"253215bd\" data-element_type=\"container\">\n\t\t\t\t\t<div class=\"e-con-inner\">\n\t\t\t\t<div class=\"elementor-element elementor-element-c1d73ac elementor-widget elementor-widget-heading\" data-id=\"c1d73ac\" data-element_type=\"widget\" data-widget_type=\"heading.default\">\n\t\t\t\t<div class=\"elementor-widget-container\">\n\t\t\t\t\t<h1 class=\"elementor-heading-title elementor-size-default\">Doga\u0111anja<\/h1>\t\t\t\t<\/div>\n\t\t\t\t<\/div>\n\t\t\t\t<div class=\"elementor-element elementor-element-25bfc9f9 elementor-widget elementor-widget-text-editor\" data-id=\"25bfc9f9\" data-element_type=\"widget\" data-widget_type=\"text-editor.default\">\n\t\t\t\t<div class=\"elementor-widget-container\">\n\t\t\t\t\t\t\t\t\t<p>Za nezaboravno iskustvo, bilo da organizirate sve\u010dani ru\u010dak, ve\u010deru, vjen\u010danje ili koktel zabavu, prepustite nam se i garantiramo izvrsnost. Na\u0161 restoran nudi ugodnu i elegantnu atmosferu te mo\u017ee primiti do 115 gostiju, \u0161to ga \u010dini savr\u0161enim izborom za osobne i poslovne doga\u0111aje.<\/p><p>Na\u0161 stru\u010dan tim posve\u0107en je organizaciji i provedbi va\u0161ih doga\u0111aja do najsitnijih detalja. Bilo da se radi o privatnim proslavama poput vjen\u010danja, kr\u0161tenja, pri\u010desti, potvrda ili godi\u0161njica, ili poslovnim prigodama kao \u0161to su ru\u010dkovi, team building i korporativni prijemi, osiguravamo da sve bude izvedeno s najve\u0107om pa\u017enjom i precizno\u0161\u0107u.<\/p><p>Na\u0161a kulinarska ponuda uklju\u010duje izvanredan \u00e0 la carte meni koji zadovoljava razli\u010dite ukuse i prehrambene potrebe, uz bogat izbor finih vina iz cijelog svijeta. Bez obzira planirate li opu\u0161tenu kavu, poslovni ru\u010dak ili ve\u010deru, na\u0161e gastronomski usluge prilago\u0111ene su kako bi stvorile nezaboravno iskustvo za vas i va\u0161e goste.<\/p>\t\t\t\t\t\t\t\t<\/div>\n\t\t\t\t<\/div>\n\t\t\t\t\t<\/div>\n\t\t\t\t<\/div>\n\t\t\t\t\t<\/div>\n\t\t\t\t<\/div>\n\t\t\t\t<\/div>\n\t\t","protected":false},"excerpt":{"rendered":"<p>Za nezaboravno iskustvo, bilo da organizirate sve\u010dani ru\u010dak, ve\u010deru, vjen\u010danje ili koktel zabavu, prepustite nam se i garantiramo izvrsnost. Na\u0161 restoran nudi ugodnu i elegantnu atmosferu te mo\u017ee primiti do 115 gostiju, \u0161to ga \u010dini savr\u0161enim izborom za osobne i poslovne doga\u0111aje. Na\u0161 stru\u010dan tim posve\u0107en je organizaciji i provedbi va\u0161ih doga\u0111aja do najsitnijih detalja. [&hellip;]<\/p>\n","protected":false},"author":1,"featured_media":0,"parent":0,"menu_order":0,"comment_status":"closed","ping_status":"closed","template":"elementor_header_footer","meta":{"footnotes":""},"class_list":["post-1165","page","type-page","status-publish","hentry"],"yoast_head":"<!-- This site is optimized with the Yoast SEO plugin v26.6 - https:\/\/yoast.com\/wordpress\/plugins\/seo\/ -->\n<title>Doga\u0111anja - Sia Hotel<\/title>\n<meta name=\"description\" content=\"Za nezaboravno iskustvo, bilo da organizirate sve\u010dani ru\u010dak, ve\u010deru, vjen\u010danje ili koktel zabavu, prepustite nam se i garantiramo izvrsnost.\" \/>\n<meta name=\"robots\" content=\"index, follow, max-snippet:-1, max-image-preview:large, max-video-preview:-1\" \/>\n<link rel=\"canonical\" href=\"https:\/\/siasplithotel.hr\/hr\/dogadanja\/\" \/>\n<meta property=\"og:locale\" content=\"hr_HR\" \/>\n<meta property=\"og:type\" content=\"article\" \/>\n<meta property=\"og:title\" content=\"Doga\u0111anja - Sia Hotel\" \/>\n<meta property=\"og:description\" content=\"Za nezaboravno iskustvo, bilo da organizirate sve\u010dani ru\u010dak, ve\u010deru, vjen\u010danje ili koktel zabavu, prepustite nam se i garantiramo izvrsnost.\" \/>\n<meta property=\"og:url\" content=\"https:\/\/siasplithotel.hr\/hr\/dogadanja\/\" \/>\n<meta property=\"og:site_name\" content=\"Sia Hotel\" \/>\n<meta property=\"article:modified_time\" content=\"2024-11-25T09:37:40+00:00\" \/>\n<meta property=\"og:image\" content=\"https:\/\/siasplithotel.hr\/wp-content\/uploads\/2024\/07\/1.jpg\" \/>\n<meta name=\"twitter:card\" content=\"summary_large_image\" \/>\n<meta name=\"twitter:label1\" content=\"Procijenjeno vrijeme \u010ditanja\" \/>\n\t<meta name=\"twitter:data1\" content=\"2 minute\" \/>\n<script type=\"application\/ld+json\" class=\"yoast-schema-graph\">{\"@context\":\"https:\/\/schema.org\",\"@graph\":[{\"@type\":\"WebPage\",\"@id\":\"https:\/\/siasplithotel.hr\/hr\/dogadanja\/\",\"url\":\"https:\/\/siasplithotel.hr\/hr\/dogadanja\/\",\"name\":\"Doga\u0111anja - Sia Hotel\",\"isPartOf\":{\"@id\":\"https:\/\/siasplithotel.hr\/#website\"},\"primaryImageOfPage\":{\"@id\":\"https:\/\/siasplithotel.hr\/hr\/dogadanja\/#primaryimage\"},\"image\":{\"@id\":\"https:\/\/siasplithotel.hr\/hr\/dogadanja\/#primaryimage\"},\"thumbnailUrl\":\"https:\/\/siasplithotel.hr\/wp-content\/uploads\/2024\/07\/1.jpg\",\"datePublished\":\"2024-07-25T10:22:49+00:00\",\"dateModified\":\"2024-11-25T09:37:40+00:00\",\"description\":\"Za nezaboravno iskustvo, bilo da organizirate sve\u010dani ru\u010dak, ve\u010deru, vjen\u010danje ili koktel zabavu, prepustite nam se i garantiramo izvrsnost.\",\"breadcrumb\":{\"@id\":\"https:\/\/siasplithotel.hr\/hr\/dogadanja\/#breadcrumb\"},\"inLanguage\":\"hr\",\"potentialAction\":[{\"@type\":\"ReadAction\",\"target\":[\"https:\/\/siasplithotel.hr\/hr\/dogadanja\/\"]}]},{\"@type\":\"ImageObject\",\"inLanguage\":\"hr\",\"@id\":\"https:\/\/siasplithotel.hr\/hr\/dogadanja\/#primaryimage\",\"url\":\"https:\/\/siasplithotel.hr\/wp-content\/uploads\/2024\/07\/1.jpg\",\"contentUrl\":\"https:\/\/siasplithotel.hr\/wp-content\/uploads\/2024\/07\/1.jpg\"},{\"@type\":\"BreadcrumbList\",\"@id\":\"https:\/\/siasplithotel.hr\/hr\/dogadanja\/#breadcrumb\",\"itemListElement\":[{\"@type\":\"ListItem\",\"position\":1,\"name\":\"Home\",\"item\":\"https:\/\/siasplithotel.hr\/hr\/\"},{\"@type\":\"ListItem\",\"position\":2,\"name\":\"Doga\u0111anja\"}]},{\"@type\":\"WebSite\",\"@id\":\"https:\/\/siasplithotel.hr\/#website\",\"url\":\"https:\/\/siasplithotel.hr\/\",\"name\":\"Sia Hotel\",\"description\":\"\",\"publisher\":{\"@id\":\"https:\/\/siasplithotel.hr\/#organization\"},\"potentialAction\":[{\"@type\":\"SearchAction\",\"target\":{\"@type\":\"EntryPoint\",\"urlTemplate\":\"https:\/\/siasplithotel.hr\/?s={search_term_string}\"},\"query-input\":{\"@type\":\"PropertyValueSpecification\",\"valueRequired\":true,\"valueName\":\"search_term_string\"}}],\"inLanguage\":\"hr\"},{\"@type\":\"Organization\",\"@id\":\"https:\/\/siasplithotel.hr\/#organization\",\"name\":\"Sia Hotel\",\"url\":\"https:\/\/siasplithotel.hr\/\",\"logo\":{\"@type\":\"ImageObject\",\"inLanguage\":\"hr\",\"@id\":\"https:\/\/siasplithotel.hr\/#\/schema\/logo\/image\/\",\"url\":\"https:\/\/siasplithotel.hr\/wp-content\/uploads\/2024\/07\/logo.png\",\"contentUrl\":\"https:\/\/siasplithotel.hr\/wp-content\/uploads\/2024\/07\/logo.png\",\"width\":264,\"height\":197,\"caption\":\"Sia Hotel\"},\"image\":{\"@id\":\"https:\/\/siasplithotel.hr\/#\/schema\/logo\/image\/\"}}]}<\/script>\n<!-- \/ Yoast SEO plugin. -->","yoast_head_json":{"title":"Doga\u0111anja - Sia Hotel","description":"Za nezaboravno iskustvo, bilo da organizirate sve\u010dani ru\u010dak, ve\u010deru, vjen\u010danje ili koktel zabavu, prepustite nam se i garantiramo izvrsnost.","robots":{"index":"index","follow":"follow","max-snippet":"max-snippet:-1","max-image-preview":"max-image-preview:large","max-video-preview":"max-video-preview:-1"},"canonical":"https:\/\/siasplithotel.hr\/hr\/dogadanja\/","og_locale":"hr_HR","og_type":"article","og_title":"Doga\u0111anja - Sia Hotel","og_description":"Za nezaboravno iskustvo, bilo da organizirate sve\u010dani ru\u010dak, ve\u010deru, vjen\u010danje ili koktel zabavu, prepustite nam se i garantiramo izvrsnost.","og_url":"https:\/\/siasplithotel.hr\/hr\/dogadanja\/","og_site_name":"Sia Hotel","article_modified_time":"2024-11-25T09:37:40+00:00","og_image":[{"url":"https:\/\/siasplithotel.hr\/wp-content\/uploads\/2024\/07\/1.jpg","type":"","width":"","height":""}],"twitter_card":"summary_large_image","twitter_misc":{"Procijenjeno vrijeme \u010ditanja":"2 minute"},"schema":{"@context":"https:\/\/schema.org","@graph":[{"@type":"WebPage","@id":"https:\/\/siasplithotel.hr\/hr\/dogadanja\/","url":"https:\/\/siasplithotel.hr\/hr\/dogadanja\/","name":"Doga\u0111anja - Sia Hotel","isPartOf":{"@id":"https:\/\/siasplithotel.hr\/#website"},"primaryImageOfPage":{"@id":"https:\/\/siasplithotel.hr\/hr\/dogadanja\/#primaryimage"},"image":{"@id":"https:\/\/siasplithotel.hr\/hr\/dogadanja\/#primaryimage"},"thumbnailUrl":"https:\/\/siasplithotel.hr\/wp-content\/uploads\/2024\/07\/1.jpg","datePublished":"2024-07-25T10:22:49+00:00","dateModified":"2024-11-25T09:37:40+00:00","description":"Za nezaboravno iskustvo, bilo da organizirate sve\u010dani ru\u010dak, ve\u010deru, vjen\u010danje ili koktel zabavu, prepustite nam se i garantiramo izvrsnost.","breadcrumb":{"@id":"https:\/\/siasplithotel.hr\/hr\/dogadanja\/#breadcrumb"},"inLanguage":"hr","potentialAction":[{"@type":"ReadAction","target":["https:\/\/siasplithotel.hr\/hr\/dogadanja\/"]}]},{"@type":"ImageObject","inLanguage":"hr","@id":"https:\/\/siasplithotel.hr\/hr\/dogadanja\/#primaryimage","url":"https:\/\/siasplithotel.hr\/wp-content\/uploads\/2024\/07\/1.jpg","contentUrl":"https:\/\/siasplithotel.hr\/wp-content\/uploads\/2024\/07\/1.jpg"},{"@type":"BreadcrumbList","@id":"https:\/\/siasplithotel.hr\/hr\/dogadanja\/#breadcrumb","itemListElement":[{"@type":"ListItem","position":1,"name":"Home","item":"https:\/\/siasplithotel.hr\/hr\/"},{"@type":"ListItem","position":2,"name":"Doga\u0111anja"}]},{"@type":"WebSite","@id":"https:\/\/siasplithotel.hr\/#website","url":"https:\/\/siasplithotel.hr\/","name":"Sia Hotel","description":"","publisher":{"@id":"https:\/\/siasplithotel.hr\/#organization"},"potentialAction":[{"@type":"SearchAction","target":{"@type":"EntryPoint","urlTemplate":"https:\/\/siasplithotel.hr\/?s={search_term_string}"},"query-input":{"@type":"PropertyValueSpecification","valueRequired":true,"valueName":"search_term_string"}}],"inLanguage":"hr"},{"@type":"Organization","@id":"https:\/\/siasplithotel.hr\/#organization","name":"Sia Hotel","url":"https:\/\/siasplithotel.hr\/","logo":{"@type":"ImageObject","inLanguage":"hr","@id":"https:\/\/siasplithotel.hr\/#\/schema\/logo\/image\/","url":"https:\/\/siasplithotel.hr\/wp-content\/uploads\/2024\/07\/logo.png","contentUrl":"https:\/\/siasplithotel.hr\/wp-content\/uploads\/2024\/07\/logo.png","width":264,"height":197,"caption":"Sia Hotel"},"image":{"@id":"https:\/\/siasplithotel.hr\/#\/schema\/logo\/image\/"}}]}},"_links":{"self":[{"href":"https:\/\/siasplithotel.hr\/hr\/wp-json\/wp\/v2\/pages\/1165","targetHints":{"allow":["GET"]}}],"collection":[{"href":"https:\/\/siasplithotel.hr\/hr\/wp-json\/wp\/v2\/pages"}],"about":[{"href":"https:\/\/siasplithotel.hr\/hr\/wp-json\/wp\/v2\/types\/page"}],"author":[{"embeddable":true,"href":"https:\/\/siasplithotel.hr\/hr\/wp-json\/wp\/v2\/users\/1"}],"replies":[{"embeddable":true,"href":"https:\/\/siasplithotel.hr\/hr\/wp-json\/wp\/v2\/comments?post=1165"}],"version-history":[{"count":4,"href":"https:\/\/siasplithotel.hr\/hr\/wp-json\/wp\/v2\/pages\/1165\/revisions"}],"predecessor-version":[{"id":1169,"href":"https:\/\/siasplithotel.hr\/hr\/wp-json\/wp\/v2\/pages\/1165\/revisions\/1169"}],"wp:attachment":[{"href":"https:\/\/siasplithotel.hr\/hr\/wp-json\/wp\/v2\/media?parent=1165"}],"curies":[{"name":"wp","href":"https:\/\/api.w.org\/{rel}","templated":true}]}}