{"id":1150,"date":"2024-07-31T09:09:03","date_gmt":"2024-07-31T09:09:03","guid":{"rendered":"https:\/\/siasplithotel.hr\/consumer-complience\/"},"modified":"2024-11-25T09:44:32","modified_gmt":"2024-11-25T09:44:32","slug":"prigovor-potrosaca","status":"publish","type":"page","link":"https:\/\/siasplithotel.hr\/hr\/prigovor-potrosaca\/","title":{"rendered":"Prigovor potro\u0161a\u010da"},"content":{"rendered":"\t\t<div data-elementor-type=\"wp-page\" data-elementor-id=\"1150\" class=\"elementor elementor-1150 elementor-493\" data-elementor-post-type=\"page\">\n\t\t\t\t<div class=\"elementor-element elementor-element-7dbc4c1 e-flex e-con-boxed e-con e-parent\" data-id=\"7dbc4c1\" data-element_type=\"container\" data-settings=\"{&quot;background_background&quot;:&quot;classic&quot;}\">\n\t\t\t\t\t<div class=\"e-con-inner\">\n\t\t<div class=\"elementor-element elementor-element-2347573d e-con-full e-flex e-con e-child\" data-id=\"2347573d\" data-element_type=\"container\">\n\t\t\t\t<div class=\"elementor-element elementor-element-aa7354d elementor-widget elementor-widget-heading\" data-id=\"aa7354d\" data-element_type=\"widget\" data-widget_type=\"heading.default\">\n\t\t\t\t<div class=\"elementor-widget-container\">\n\t\t\t\t\t<h1 class=\"elementor-heading-title elementor-size-default\">Prigovor potro\u0161a\u010da<\/h1>\t\t\t\t<\/div>\n\t\t\t\t<\/div>\n\t\t\t\t<\/div>\n\t\t\t\t\t<\/div>\n\t\t\t\t<\/div>\n\t\t<div class=\"elementor-element elementor-element-30f01b9 e-flex e-con-boxed e-con e-parent\" data-id=\"30f01b9\" data-element_type=\"container\">\n\t\t\t\t\t<div class=\"e-con-inner\">\n\t\t\t\t<div class=\"elementor-element elementor-element-f617e88 elementor-widget elementor-widget-text-editor\" data-id=\"f617e88\" data-element_type=\"widget\" data-widget_type=\"text-editor.default\">\n\t\t\t\t<div class=\"elementor-widget-container\">\n\t\t\t\t\t\t\t\t\t<p>Dragi gosti,<\/p>\n<p>Sukladno \u010dlanku 10. stavak 1. to\u010dka 10. Zakona o ugostiteljskoj djelatnosti (\u201cNarodne novine\u201c, broj 85\/15), obavje\u0161tavamo vas da prigovor mo\u017eete podnijeti :<\/p>\n<ol>\n<li>Usmeno, odgovornoj osobi u hotelu<\/li>\n<li>U pisanom obliku:<br \/>\n<ul>\n<li>na recepciji hotela<\/li>\n<li>po\u0161tom, na adresu:<br \/>Sia Split Hotel<br \/>Polji\u010dka cesta 26E<br \/>21 000 SPLIT, Croatia<\/li>\n<\/ul>\n<\/li>\n<li>Telefaxom, na broj: <a href=\"tel:+38521778709\">+385 21 778 709<\/a><\/li>\n<li>Elektroni\u010dnom po\u0161tom na e-mail: <a href=\"mailto:info@siasplithotel.hr\">info@siasplithotel.hr<\/a><\/li>\n<\/ol>\n<p>\u00a0<\/p>\n<p>Primitak pisanog prigovora \u0107e bez odga\u0111anja biti potvr\u0111en pisanim putem, te \u0107e na isti biti odgovoreno u pisanom obliku u roku od 15 dana od dana zaprimanja prigovora.<\/p>\n<p>Hotel Sia<\/p>\t\t\t\t\t\t\t\t<\/div>\n\t\t\t\t<\/div>\n\t\t\t\t\t<\/div>\n\t\t\t\t<\/div>\n\t\t\t\t<\/div>\n\t\t","protected":false},"excerpt":{"rendered":"<p>Dragi gosti, Sukladno \u010dlanku 10. stavak 1. to\u010dka 10. Zakona o ugostiteljskoj djelatnosti (\u201cNarodne novine\u201c, broj 85\/15), obavje\u0161tavamo vas da prigovor mo\u017eete podnijeti : Usmeno, odgovornoj osobi u hotelu U pisanom obliku: na recepciji hotela po\u0161tom, na adresu:Sia Split HotelPolji\u010dka cesta 26E21 000 SPLIT, Croatia Telefaxom, na broj: +385 21 778 709 Elektroni\u010dnom po\u0161tom na [&hellip;]<\/p>\n","protected":false},"author":1,"featured_media":0,"parent":0,"menu_order":0,"comment_status":"closed","ping_status":"closed","template":"elementor_header_footer","meta":{"footnotes":""},"class_list":["post-1150","page","type-page","status-publish","hentry"],"yoast_head":"<!-- This site is optimized with the Yoast SEO plugin v26.6 - https:\/\/yoast.com\/wordpress\/plugins\/seo\/ -->\n<title>Prigovor potro\u0161a\u010da - Sia Hotel<\/title>\n<meta name=\"description\" content=\"Sukladno \u010dlanku 10. stavak 1. to\u010dka 10. Zakona o ugostiteljskoj djelatnosti (\u201cNarodne novine\u201c, broj 85\/15), obavje\u0161tavamo vas da prigovor mo\u017eete podnijeti\" \/>\n<meta name=\"robots\" content=\"index, follow, max-snippet:-1, max-image-preview:large, max-video-preview:-1\" \/>\n<link rel=\"canonical\" href=\"https:\/\/siasplithotel.hr\/hr\/prigovor-potrosaca\/\" \/>\n<meta property=\"og:locale\" content=\"hr_HR\" \/>\n<meta property=\"og:type\" content=\"article\" \/>\n<meta property=\"og:title\" content=\"Prigovor potro\u0161a\u010da - Sia Hotel\" \/>\n<meta property=\"og:description\" content=\"Sukladno \u010dlanku 10. stavak 1. to\u010dka 10. Zakona o ugostiteljskoj djelatnosti (\u201cNarodne novine\u201c, broj 85\/15), obavje\u0161tavamo vas da prigovor mo\u017eete podnijeti\" \/>\n<meta property=\"og:url\" content=\"https:\/\/siasplithotel.hr\/hr\/prigovor-potrosaca\/\" \/>\n<meta property=\"og:site_name\" content=\"Sia Hotel\" \/>\n<meta property=\"article:modified_time\" content=\"2024-11-25T09:44:32+00:00\" \/>\n<meta name=\"twitter:card\" content=\"summary_large_image\" \/>\n<meta name=\"twitter:label1\" content=\"Procijenjeno vrijeme \u010ditanja\" \/>\n\t<meta name=\"twitter:data1\" content=\"1 minuta\" \/>\n<script type=\"application\/ld+json\" class=\"yoast-schema-graph\">{\"@context\":\"https:\/\/schema.org\",\"@graph\":[{\"@type\":\"WebPage\",\"@id\":\"https:\/\/siasplithotel.hr\/hr\/prigovor-potrosaca\/\",\"url\":\"https:\/\/siasplithotel.hr\/hr\/prigovor-potrosaca\/\",\"name\":\"Prigovor potro\u0161a\u010da - Sia Hotel\",\"isPartOf\":{\"@id\":\"https:\/\/siasplithotel.hr\/#website\"},\"datePublished\":\"2024-07-31T09:09:03+00:00\",\"dateModified\":\"2024-11-25T09:44:32+00:00\",\"description\":\"Sukladno \u010dlanku 10. stavak 1. to\u010dka 10. Zakona o ugostiteljskoj djelatnosti (\u201cNarodne novine\u201c, broj 85\/15), obavje\u0161tavamo vas da prigovor mo\u017eete podnijeti\",\"breadcrumb\":{\"@id\":\"https:\/\/siasplithotel.hr\/hr\/prigovor-potrosaca\/#breadcrumb\"},\"inLanguage\":\"hr\",\"potentialAction\":[{\"@type\":\"ReadAction\",\"target\":[\"https:\/\/siasplithotel.hr\/hr\/prigovor-potrosaca\/\"]}]},{\"@type\":\"BreadcrumbList\",\"@id\":\"https:\/\/siasplithotel.hr\/hr\/prigovor-potrosaca\/#breadcrumb\",\"itemListElement\":[{\"@type\":\"ListItem\",\"position\":1,\"name\":\"Home\",\"item\":\"https:\/\/siasplithotel.hr\/hr\/\"},{\"@type\":\"ListItem\",\"position\":2,\"name\":\"Prigovor potro\u0161a\u010da\"}]},{\"@type\":\"WebSite\",\"@id\":\"https:\/\/siasplithotel.hr\/#website\",\"url\":\"https:\/\/siasplithotel.hr\/\",\"name\":\"Sia Hotel\",\"description\":\"\",\"publisher\":{\"@id\":\"https:\/\/siasplithotel.hr\/#organization\"},\"potentialAction\":[{\"@type\":\"SearchAction\",\"target\":{\"@type\":\"EntryPoint\",\"urlTemplate\":\"https:\/\/siasplithotel.hr\/?s={search_term_string}\"},\"query-input\":{\"@type\":\"PropertyValueSpecification\",\"valueRequired\":true,\"valueName\":\"search_term_string\"}}],\"inLanguage\":\"hr\"},{\"@type\":\"Organization\",\"@id\":\"https:\/\/siasplithotel.hr\/#organization\",\"name\":\"Sia Hotel\",\"url\":\"https:\/\/siasplithotel.hr\/\",\"logo\":{\"@type\":\"ImageObject\",\"inLanguage\":\"hr\",\"@id\":\"https:\/\/siasplithotel.hr\/#\/schema\/logo\/image\/\",\"url\":\"https:\/\/siasplithotel.hr\/wp-content\/uploads\/2024\/07\/logo.png\",\"contentUrl\":\"https:\/\/siasplithotel.hr\/wp-content\/uploads\/2024\/07\/logo.png\",\"width\":264,\"height\":197,\"caption\":\"Sia Hotel\"},\"image\":{\"@id\":\"https:\/\/siasplithotel.hr\/#\/schema\/logo\/image\/\"}}]}<\/script>\n<!-- \/ Yoast SEO plugin. -->","yoast_head_json":{"title":"Prigovor potro\u0161a\u010da - Sia Hotel","description":"Sukladno \u010dlanku 10. stavak 1. to\u010dka 10. Zakona o ugostiteljskoj djelatnosti (\u201cNarodne novine\u201c, broj 85\/15), obavje\u0161tavamo vas da prigovor mo\u017eete podnijeti","robots":{"index":"index","follow":"follow","max-snippet":"max-snippet:-1","max-image-preview":"max-image-preview:large","max-video-preview":"max-video-preview:-1"},"canonical":"https:\/\/siasplithotel.hr\/hr\/prigovor-potrosaca\/","og_locale":"hr_HR","og_type":"article","og_title":"Prigovor potro\u0161a\u010da - Sia Hotel","og_description":"Sukladno \u010dlanku 10. stavak 1. to\u010dka 10. Zakona o ugostiteljskoj djelatnosti (\u201cNarodne novine\u201c, broj 85\/15), obavje\u0161tavamo vas da prigovor mo\u017eete podnijeti","og_url":"https:\/\/siasplithotel.hr\/hr\/prigovor-potrosaca\/","og_site_name":"Sia Hotel","article_modified_time":"2024-11-25T09:44:32+00:00","twitter_card":"summary_large_image","twitter_misc":{"Procijenjeno vrijeme \u010ditanja":"1 minuta"},"schema":{"@context":"https:\/\/schema.org","@graph":[{"@type":"WebPage","@id":"https:\/\/siasplithotel.hr\/hr\/prigovor-potrosaca\/","url":"https:\/\/siasplithotel.hr\/hr\/prigovor-potrosaca\/","name":"Prigovor potro\u0161a\u010da - Sia Hotel","isPartOf":{"@id":"https:\/\/siasplithotel.hr\/#website"},"datePublished":"2024-07-31T09:09:03+00:00","dateModified":"2024-11-25T09:44:32+00:00","description":"Sukladno \u010dlanku 10. stavak 1. to\u010dka 10. Zakona o ugostiteljskoj djelatnosti (\u201cNarodne novine\u201c, broj 85\/15), obavje\u0161tavamo vas da prigovor mo\u017eete podnijeti","breadcrumb":{"@id":"https:\/\/siasplithotel.hr\/hr\/prigovor-potrosaca\/#breadcrumb"},"inLanguage":"hr","potentialAction":[{"@type":"ReadAction","target":["https:\/\/siasplithotel.hr\/hr\/prigovor-potrosaca\/"]}]},{"@type":"BreadcrumbList","@id":"https:\/\/siasplithotel.hr\/hr\/prigovor-potrosaca\/#breadcrumb","itemListElement":[{"@type":"ListItem","position":1,"name":"Home","item":"https:\/\/siasplithotel.hr\/hr\/"},{"@type":"ListItem","position":2,"name":"Prigovor potro\u0161a\u010da"}]},{"@type":"WebSite","@id":"https:\/\/siasplithotel.hr\/#website","url":"https:\/\/siasplithotel.hr\/","name":"Sia Hotel","description":"","publisher":{"@id":"https:\/\/siasplithotel.hr\/#organization"},"potentialAction":[{"@type":"SearchAction","target":{"@type":"EntryPoint","urlTemplate":"https:\/\/siasplithotel.hr\/?s={search_term_string}"},"query-input":{"@type":"PropertyValueSpecification","valueRequired":true,"valueName":"search_term_string"}}],"inLanguage":"hr"},{"@type":"Organization","@id":"https:\/\/siasplithotel.hr\/#organization","name":"Sia Hotel","url":"https:\/\/siasplithotel.hr\/","logo":{"@type":"ImageObject","inLanguage":"hr","@id":"https:\/\/siasplithotel.hr\/#\/schema\/logo\/image\/","url":"https:\/\/siasplithotel.hr\/wp-content\/uploads\/2024\/07\/logo.png","contentUrl":"https:\/\/siasplithotel.hr\/wp-content\/uploads\/2024\/07\/logo.png","width":264,"height":197,"caption":"Sia Hotel"},"image":{"@id":"https:\/\/siasplithotel.hr\/#\/schema\/logo\/image\/"}}]}},"_links":{"self":[{"href":"https:\/\/siasplithotel.hr\/hr\/wp-json\/wp\/v2\/pages\/1150","targetHints":{"allow":["GET"]}}],"collection":[{"href":"https:\/\/siasplithotel.hr\/hr\/wp-json\/wp\/v2\/pages"}],"about":[{"href":"https:\/\/siasplithotel.hr\/hr\/wp-json\/wp\/v2\/types\/page"}],"author":[{"embeddable":true,"href":"https:\/\/siasplithotel.hr\/hr\/wp-json\/wp\/v2\/users\/1"}],"replies":[{"embeddable":true,"href":"https:\/\/siasplithotel.hr\/hr\/wp-json\/wp\/v2\/comments?post=1150"}],"version-history":[{"count":5,"href":"https:\/\/siasplithotel.hr\/hr\/wp-json\/wp\/v2\/pages\/1150\/revisions"}],"predecessor-version":[{"id":1157,"href":"https:\/\/siasplithotel.hr\/hr\/wp-json\/wp\/v2\/pages\/1150\/revisions\/1157"}],"wp:attachment":[{"href":"https:\/\/siasplithotel.hr\/hr\/wp-json\/wp\/v2\/media?parent=1150"}],"curies":[{"name":"wp","href":"https:\/\/api.w.org\/{rel}","templated":true}]}}