{"id":1138,"date":"2024-07-26T07:10:14","date_gmt":"2024-07-26T07:10:14","guid":{"rendered":"https:\/\/siasplithotel.hr\/conference\/"},"modified":"2024-11-25T09:41:16","modified_gmt":"2024-11-25T09:41:16","slug":"konferencije","status":"publish","type":"page","link":"https:\/\/siasplithotel.hr\/hr\/konferencije\/","title":{"rendered":"Konferencije"},"content":{"rendered":"\t\t<div data-elementor-type=\"wp-page\" data-elementor-id=\"1138\" class=\"elementor elementor-1138 elementor-88\" data-elementor-post-type=\"page\">\n\t\t\t\t<div class=\"elementor-element elementor-element-af75264 e-con-full e-flex e-con e-parent\" data-id=\"af75264\" data-element_type=\"container\">\n\t\t<div class=\"elementor-element elementor-element-46dc674 e-con-full e-flex e-con e-child\" data-id=\"46dc674\" data-element_type=\"container\">\n\t\t\t\t<div class=\"elementor-element elementor-element-4120834 gallery_carousel elementor-arrows-position-inside elementor-pagination-position-outside elementor-widget elementor-widget-image-carousel\" data-id=\"4120834\" data-element_type=\"widget\" data-settings=\"{&quot;slides_to_show&quot;:&quot;3&quot;,&quot;slides_to_scroll&quot;:&quot;1&quot;,&quot;slides_to_show_tablet&quot;:&quot;1&quot;,&quot;navigation&quot;:&quot;both&quot;,&quot;autoplay&quot;:&quot;yes&quot;,&quot;pause_on_hover&quot;:&quot;yes&quot;,&quot;pause_on_interaction&quot;:&quot;yes&quot;,&quot;autoplay_speed&quot;:5000,&quot;infinite&quot;:&quot;yes&quot;,&quot;speed&quot;:500,&quot;image_spacing_custom&quot;:{&quot;unit&quot;:&quot;px&quot;,&quot;size&quot;:20,&quot;sizes&quot;:[]}}\" data-widget_type=\"image-carousel.default\">\n\t\t\t\t<div class=\"elementor-widget-container\">\n\t\t\t\t\t\t\t<div class=\"elementor-image-carousel-wrapper swiper\" role=\"region\" aria-roledescription=\"carousel\" aria-label=\"Vrtuljak slika\" dir=\"ltr\">\n\t\t\t<div class=\"elementor-image-carousel swiper-wrapper swiper-image-stretch\" aria-live=\"off\">\n\t\t\t\t\t\t\t\t<div class=\"swiper-slide\" role=\"group\" aria-roledescription=\"slide\" aria-label=\"1 od 2\"><figure class=\"swiper-slide-inner\"><img decoding=\"async\" class=\"swiper-slide-image\" src=\"https:\/\/siasplithotel.hr\/wp-content\/uploads\/2024\/07\/fce36c8a-7ff9-47e7-a727-41706ce4f80d.jpg\" alt=\"SIA Split Hotel\" \/><\/figure><\/div><div class=\"swiper-slide\" role=\"group\" aria-roledescription=\"slide\" aria-label=\"2 od 2\"><figure class=\"swiper-slide-inner\"><img decoding=\"async\" class=\"swiper-slide-image\" src=\"https:\/\/siasplithotel.hr\/wp-content\/uploads\/2024\/07\/6e6b5968-1694-4a1d-91e4-9fd0d002bdc8.jpg\" alt=\"SIA Split Hotel\" \/><\/figure><\/div>\t\t\t<\/div>\n\t\t\t\t\t\t\t\t\t\t\t\t<div class=\"elementor-swiper-button elementor-swiper-button-prev\" role=\"button\" tabindex=\"0\">\n\t\t\t\t\t\t<svg aria-hidden=\"true\" class=\"e-font-icon-svg e-eicon-chevron-left\" viewBox=\"0 0 1000 1000\" xmlns=\"http:\/\/www.w3.org\/2000\/svg\"><path d=\"M646 125C629 125 613 133 604 142L308 442C296 454 292 471 292 487 292 504 296 521 308 533L604 854C617 867 629 875 646 875 663 875 679 871 692 858 704 846 713 829 713 812 713 796 708 779 692 767L438 487 692 225C700 217 708 204 708 187 708 171 704 154 692 142 675 129 663 125 646 125Z\"><\/path><\/svg>\t\t\t\t\t<\/div>\n\t\t\t\t\t<div class=\"elementor-swiper-button elementor-swiper-button-next\" role=\"button\" tabindex=\"0\">\n\t\t\t\t\t\t<svg aria-hidden=\"true\" class=\"e-font-icon-svg e-eicon-chevron-right\" viewBox=\"0 0 1000 1000\" xmlns=\"http:\/\/www.w3.org\/2000\/svg\"><path d=\"M696 533C708 521 713 504 713 487 713 471 708 454 696 446L400 146C388 133 375 125 354 125 338 125 325 129 313 142 300 154 292 171 292 187 292 204 296 221 308 233L563 492 304 771C292 783 288 800 288 817 288 833 296 850 308 863 321 871 338 875 354 875 371 875 388 867 400 854L696 533Z\"><\/path><\/svg>\t\t\t\t\t<\/div>\n\t\t\t\t\n\t\t\t\t\t\t\t\t\t<div class=\"swiper-pagination\"><\/div>\n\t\t\t\t\t\t\t\t\t<\/div>\n\t\t\t\t\t\t<\/div>\n\t\t\t\t<\/div>\n\t\t\t\t<\/div>\n\t\t\t\t<\/div>\n\t\t<div class=\"elementor-element elementor-element-edc7cf6 e-flex e-con-boxed e-con e-parent\" data-id=\"edc7cf6\" data-element_type=\"container\">\n\t\t\t\t\t<div class=\"e-con-inner\">\n\t\t<div class=\"elementor-element elementor-element-0ba88d3 e-flex e-con-boxed e-con e-child\" data-id=\"0ba88d3\" data-element_type=\"container\">\n\t\t\t\t\t<div class=\"e-con-inner\">\n\t\t\t\t<div class=\"elementor-element elementor-element-3844dba elementor-widget elementor-widget-heading\" data-id=\"3844dba\" data-element_type=\"widget\" data-widget_type=\"heading.default\">\n\t\t\t\t<div class=\"elementor-widget-container\">\n\t\t\t\t\t<h1 class=\"elementor-heading-title elementor-size-default\">Konferencije<\/h1>\t\t\t\t<\/div>\n\t\t\t\t<\/div>\n\t\t\t\t<div class=\"elementor-element elementor-element-ca43bfd elementor-icon-list--layout-inline elementor-widget__width-inherit elementor-align-center elementor-list-item-link-full_width elementor-widget elementor-widget-icon-list\" data-id=\"ca43bfd\" data-element_type=\"widget\" data-widget_type=\"icon-list.default\">\n\t\t\t\t<div class=\"elementor-widget-container\">\n\t\t\t\t\t\t\t<ul class=\"elementor-icon-list-items elementor-inline-items\">\n\t\t\t\t\t\t\t<li class=\"elementor-icon-list-item elementor-inline-item\">\n\t\t\t\t\t\t\t\t\t\t\t<span class=\"elementor-icon-list-icon\">\n\t\t\t\t\t\t\t<svg aria-hidden=\"true\" class=\"e-font-icon-svg e-fas-wifi\" viewBox=\"0 0 640 512\" xmlns=\"http:\/\/www.w3.org\/2000\/svg\"><path d=\"M634.91 154.88C457.74-8.99 182.19-8.93 5.09 154.88c-6.66 6.16-6.79 16.59-.35 22.98l34.24 33.97c6.14 6.1 16.02 6.23 22.4.38 145.92-133.68 371.3-133.71 517.25 0 6.38 5.85 16.26 5.71 22.4-.38l34.24-33.97c6.43-6.39 6.3-16.82-.36-22.98zM320 352c-35.35 0-64 28.65-64 64s28.65 64 64 64 64-28.65 64-64-28.65-64-64-64zm202.67-83.59c-115.26-101.93-290.21-101.82-405.34 0-6.9 6.1-7.12 16.69-.57 23.15l34.44 33.99c6 5.92 15.66 6.32 22.05.8 83.95-72.57 209.74-72.41 293.49 0 6.39 5.52 16.05 5.13 22.05-.8l34.44-33.99c6.56-6.46 6.33-17.06-.56-23.15z\"><\/path><\/svg>\t\t\t\t\t\t<\/span>\n\t\t\t\t\t\t\t\t\t\t<span class=\"elementor-icon-list-text\">WiFi<\/span>\n\t\t\t\t\t\t\t\t\t<\/li>\n\t\t\t\t\t\t\t\t<li class=\"elementor-icon-list-item elementor-inline-item\">\n\t\t\t\t\t\t\t\t\t\t\t<span class=\"elementor-icon-list-icon\">\n\t\t\t\t\t\t\t<svg aria-hidden=\"true\" class=\"e-font-icon-svg e-fas-laptop\" viewBox=\"0 0 640 512\" xmlns=\"http:\/\/www.w3.org\/2000\/svg\"><path d=\"M624 416H381.54c-.74 19.81-14.71 32-32.74 32H288c-18.69 0-33.02-17.47-32.77-32H16c-8.8 0-16 7.2-16 16v16c0 35.2 28.8 64 64 64h512c35.2 0 64-28.8 64-64v-16c0-8.8-7.2-16-16-16zM576 48c0-26.4-21.6-48-48-48H112C85.6 0 64 21.6 64 48v336h512V48zm-64 272H128V64h384v256z\"><\/path><\/svg>\t\t\t\t\t\t<\/span>\n\t\t\t\t\t\t\t\t\t\t<span class=\"elementor-icon-list-text\">Laptop<\/span>\n\t\t\t\t\t\t\t\t\t<\/li>\n\t\t\t\t\t\t\t\t<li class=\"elementor-icon-list-item elementor-inline-item\">\n\t\t\t\t\t\t\t\t\t\t\t<span class=\"elementor-icon-list-icon\">\n\t\t\t\t\t\t\t<svg aria-hidden=\"true\" class=\"e-font-icon-svg e-fas-chalkboard-teacher\" viewBox=\"0 0 640 512\" xmlns=\"http:\/\/www.w3.org\/2000\/svg\"><path d=\"M208 352c-2.39 0-4.78.35-7.06 1.09C187.98 357.3 174.35 360 160 360c-14.35 0-27.98-2.7-40.95-6.91-2.28-.74-4.66-1.09-7.05-1.09C49.94 352-.33 402.48 0 464.62.14 490.88 21.73 512 48 512h224c26.27 0 47.86-21.12 48-47.38.33-62.14-49.94-112.62-112-112.62zm-48-32c53.02 0 96-42.98 96-96s-42.98-96-96-96-96 42.98-96 96 42.98 96 96 96zM592 0H208c-26.47 0-48 22.25-48 49.59V96c23.42 0 45.1 6.78 64 17.8V64h352v288h-64v-64H384v64h-76.24c19.1 16.69 33.12 38.73 39.69 64H592c26.47 0 48-22.25 48-49.59V49.59C640 22.25 618.47 0 592 0z\"><\/path><\/svg>\t\t\t\t\t\t<\/span>\n\t\t\t\t\t\t\t\t\t\t<span class=\"elementor-icon-list-text\">Pinboard<\/span>\n\t\t\t\t\t\t\t\t\t<\/li>\n\t\t\t\t\t\t\t\t<li class=\"elementor-icon-list-item elementor-inline-item\">\n\t\t\t\t\t\t\t\t\t\t\t<span class=\"elementor-icon-list-icon\">\n\t\t\t\t\t\t\t<svg aria-hidden=\"true\" class=\"e-font-icon-svg e-fas-chair\" viewBox=\"0 0 448 512\" xmlns=\"http:\/\/www.w3.org\/2000\/svg\"><path d=\"M112 128c0-29.5 16.2-55 40-68.9V256h48V48h48v208h48V59.1c23.8 13.9 40 39.4 40 68.9v128h48V128C384 57.3 326.7 0 256 0h-64C121.3 0 64 57.3 64 128v128h48zm334.3 213.9l-10.7-32c-4.4-13.1-16.6-21.9-30.4-21.9H42.7c-13.8 0-26 8.8-30.4 21.9l-10.7 32C-5.2 362.6 10.2 384 32 384v112c0 8.8 7.2 16 16 16h32c8.8 0 16-7.2 16-16V384h256v112c0 8.8 7.2 16 16 16h32c8.8 0 16-7.2 16-16V384c21.8 0 37.2-21.4 30.3-42.1z\"><\/path><\/svg>\t\t\t\t\t\t<\/span>\n\t\t\t\t\t\t\t\t\t\t<span class=\"elementor-icon-list-text\">Stol<\/span>\n\t\t\t\t\t\t\t\t\t<\/li>\n\t\t\t\t\t\t\t\t<li class=\"elementor-icon-list-item elementor-inline-item\">\n\t\t\t\t\t\t\t\t\t\t\t<span class=\"elementor-icon-list-icon\">\n\t\t\t\t\t\t\t<svg aria-hidden=\"true\" class=\"e-font-icon-svg e-fas-camera-retro\" viewBox=\"0 0 512 512\" xmlns=\"http:\/\/www.w3.org\/2000\/svg\"><path d=\"M48 32C21.5 32 0 53.5 0 80v352c0 26.5 21.5 48 48 48h416c26.5 0 48-21.5 48-48V80c0-26.5-21.5-48-48-48H48zm0 32h106c3.3 0 6 2.7 6 6v20c0 3.3-2.7 6-6 6H38c-3.3 0-6-2.7-6-6V80c0-8.8 7.2-16 16-16zm426 96H38c-3.3 0-6-2.7-6-6v-36c0-3.3 2.7-6 6-6h138l30.2-45.3c1.1-1.7 3-2.7 5-2.7H464c8.8 0 16 7.2 16 16v74c0 3.3-2.7 6-6 6zM256 424c-66.2 0-120-53.8-120-120s53.8-120 120-120 120 53.8 120 120-53.8 120-120 120zm0-208c-48.5 0-88 39.5-88 88s39.5 88 88 88 88-39.5 88-88-39.5-88-88-88zm-48 104c-8.8 0-16-7.2-16-16 0-35.3 28.7-64 64-64 8.8 0 16 7.2 16 16s-7.2 16-16 16c-17.6 0-32 14.4-32 32 0 8.8-7.2 16-16 16z\"><\/path><\/svg>\t\t\t\t\t\t<\/span>\n\t\t\t\t\t\t\t\t\t\t<span class=\"elementor-icon-list-text\">Projektor<\/span>\n\t\t\t\t\t\t\t\t\t<\/li>\n\t\t\t\t\t\t<\/ul>\n\t\t\t\t\t\t<\/div>\n\t\t\t\t<\/div>\n\t\t\t\t<div class=\"elementor-element elementor-element-93d1dd9 elementor-widget elementor-widget-text-editor\" data-id=\"93d1dd9\" data-element_type=\"widget\" data-widget_type=\"text-editor.default\">\n\t\t\t\t<div class=\"elementor-widget-container\">\n\t\t\t\t\t\t\t\t\t<p>Prostrana i nedavno renovirana konferencijska dvorana hotela SIA Split smje\u0161tena je u prizemlju, \u0161to omogu\u0107uje jednostavan pristup za sve vrste doga\u0111aja. Ova multifunkcionalna dvorana, koja prima do 50 sudionika, idealna je za poslovne sastanke, prezentacije, izlo\u017ebe, seminare i druge profesionalne skupove.<\/p><p>Opremljena je najsuvremenijom audiovizualnom tehnologijom, uklju\u010duju\u0107i brzi Wi-Fi, projektor, veliki ekran, laptop, laser pointer, flipchart i oglasnu plo\u010du, osiguravaju\u0107i glatko i u\u010dinkovito iskustvo prezentacije. Na\u0161 tim posve\u0107en je prilagodbi na\u0161ih usluga va\u0161im specifi\u010dnim zahtjevima, nude\u0107i prilago\u0111ene pakete za poludnevne, cjelodnevne ili vi\u0161ednevne doga\u0111aje. Te\u017eimo pru\u017eiti izvanrednu podr\u0161ku kako bismo osigurali uspjeh va\u0161eg doga\u0111aja.<\/p>\t\t\t\t\t\t\t\t<\/div>\n\t\t\t\t<\/div>\n\t\t\t\t\t<\/div>\n\t\t\t\t<\/div>\n\t\t\t\t\t<\/div>\n\t\t\t\t<\/div>\n\t\t\t\t<\/div>\n\t\t","protected":false},"excerpt":{"rendered":"<p>WiFi Laptop Pinboard Stol Projektor Prostrana i nedavno renovirana konferencijska dvorana hotela SIA Split smje\u0161tena je u prizemlju, \u0161to omogu\u0107uje jednostavan pristup za sve vrste doga\u0111aja. Ova multifunkcionalna dvorana, koja prima do 50 sudionika, idealna je za poslovne sastanke, prezentacije, izlo\u017ebe, seminare i druge profesionalne skupove. Opremljena je najsuvremenijom audiovizualnom tehnologijom, uklju\u010duju\u0107i brzi Wi-Fi, projektor, [&hellip;]<\/p>\n","protected":false},"author":1,"featured_media":0,"parent":0,"menu_order":0,"comment_status":"closed","ping_status":"closed","template":"elementor_header_footer","meta":{"footnotes":""},"class_list":["post-1138","page","type-page","status-publish","hentry"],"yoast_head":"<!-- This site is optimized with the Yoast SEO plugin v26.6 - https:\/\/yoast.com\/wordpress\/plugins\/seo\/ -->\n<title>Konferencije - Sia Hotel<\/title>\n<meta name=\"description\" content=\"Prostrana i nedavno renovirana konferencijska dvorana hotela SIA Split smje\u0161tena je u prizemlju, \u0161to omogu\u0107uje jednostavan pristup za sve vrste doga\u0111aja.\" \/>\n<meta name=\"robots\" content=\"index, follow, max-snippet:-1, max-image-preview:large, max-video-preview:-1\" \/>\n<link rel=\"canonical\" href=\"https:\/\/siasplithotel.hr\/hr\/konferencije\/\" \/>\n<meta property=\"og:locale\" content=\"hr_HR\" \/>\n<meta property=\"og:type\" content=\"article\" \/>\n<meta property=\"og:title\" content=\"Konferencije - Sia Hotel\" \/>\n<meta property=\"og:description\" content=\"Prostrana i nedavno renovirana konferencijska dvorana hotela SIA Split smje\u0161tena je u prizemlju, \u0161to omogu\u0107uje jednostavan pristup za sve vrste doga\u0111aja.\" \/>\n<meta property=\"og:url\" content=\"https:\/\/siasplithotel.hr\/hr\/konferencije\/\" \/>\n<meta property=\"og:site_name\" content=\"Sia Hotel\" \/>\n<meta property=\"article:modified_time\" content=\"2024-11-25T09:41:16+00:00\" \/>\n<meta property=\"og:image\" content=\"https:\/\/siasplithotel.hr\/wp-content\/uploads\/2024\/07\/fce36c8a-7ff9-47e7-a727-41706ce4f80d.jpg\" \/>\n<meta name=\"twitter:card\" content=\"summary_large_image\" \/>\n<meta name=\"twitter:label1\" content=\"Procijenjeno vrijeme \u010ditanja\" \/>\n\t<meta name=\"twitter:data1\" content=\"1 minuta\" \/>\n<script type=\"application\/ld+json\" class=\"yoast-schema-graph\">{\"@context\":\"https:\/\/schema.org\",\"@graph\":[{\"@type\":\"WebPage\",\"@id\":\"https:\/\/siasplithotel.hr\/hr\/konferencije\/\",\"url\":\"https:\/\/siasplithotel.hr\/hr\/konferencije\/\",\"name\":\"Konferencije - Sia Hotel\",\"isPartOf\":{\"@id\":\"https:\/\/siasplithotel.hr\/#website\"},\"primaryImageOfPage\":{\"@id\":\"https:\/\/siasplithotel.hr\/hr\/konferencije\/#primaryimage\"},\"image\":{\"@id\":\"https:\/\/siasplithotel.hr\/hr\/konferencije\/#primaryimage\"},\"thumbnailUrl\":\"https:\/\/siasplithotel.hr\/wp-content\/uploads\/2024\/07\/fce36c8a-7ff9-47e7-a727-41706ce4f80d.jpg\",\"datePublished\":\"2024-07-26T07:10:14+00:00\",\"dateModified\":\"2024-11-25T09:41:16+00:00\",\"description\":\"Prostrana i nedavno renovirana konferencijska dvorana hotela SIA Split smje\u0161tena je u prizemlju, \u0161to omogu\u0107uje jednostavan pristup za sve vrste doga\u0111aja.\",\"breadcrumb\":{\"@id\":\"https:\/\/siasplithotel.hr\/hr\/konferencije\/#breadcrumb\"},\"inLanguage\":\"hr\",\"potentialAction\":[{\"@type\":\"ReadAction\",\"target\":[\"https:\/\/siasplithotel.hr\/hr\/konferencije\/\"]}]},{\"@type\":\"ImageObject\",\"inLanguage\":\"hr\",\"@id\":\"https:\/\/siasplithotel.hr\/hr\/konferencije\/#primaryimage\",\"url\":\"https:\/\/siasplithotel.hr\/wp-content\/uploads\/2024\/07\/fce36c8a-7ff9-47e7-a727-41706ce4f80d.jpg\",\"contentUrl\":\"https:\/\/siasplithotel.hr\/wp-content\/uploads\/2024\/07\/fce36c8a-7ff9-47e7-a727-41706ce4f80d.jpg\"},{\"@type\":\"BreadcrumbList\",\"@id\":\"https:\/\/siasplithotel.hr\/hr\/konferencije\/#breadcrumb\",\"itemListElement\":[{\"@type\":\"ListItem\",\"position\":1,\"name\":\"Home\",\"item\":\"https:\/\/siasplithotel.hr\/hr\/\"},{\"@type\":\"ListItem\",\"position\":2,\"name\":\"Konferencije\"}]},{\"@type\":\"WebSite\",\"@id\":\"https:\/\/siasplithotel.hr\/#website\",\"url\":\"https:\/\/siasplithotel.hr\/\",\"name\":\"Sia Hotel\",\"description\":\"\",\"publisher\":{\"@id\":\"https:\/\/siasplithotel.hr\/#organization\"},\"potentialAction\":[{\"@type\":\"SearchAction\",\"target\":{\"@type\":\"EntryPoint\",\"urlTemplate\":\"https:\/\/siasplithotel.hr\/?s={search_term_string}\"},\"query-input\":{\"@type\":\"PropertyValueSpecification\",\"valueRequired\":true,\"valueName\":\"search_term_string\"}}],\"inLanguage\":\"hr\"},{\"@type\":\"Organization\",\"@id\":\"https:\/\/siasplithotel.hr\/#organization\",\"name\":\"Sia Hotel\",\"url\":\"https:\/\/siasplithotel.hr\/\",\"logo\":{\"@type\":\"ImageObject\",\"inLanguage\":\"hr\",\"@id\":\"https:\/\/siasplithotel.hr\/#\/schema\/logo\/image\/\",\"url\":\"https:\/\/siasplithotel.hr\/wp-content\/uploads\/2024\/07\/logo.png\",\"contentUrl\":\"https:\/\/siasplithotel.hr\/wp-content\/uploads\/2024\/07\/logo.png\",\"width\":264,\"height\":197,\"caption\":\"Sia Hotel\"},\"image\":{\"@id\":\"https:\/\/siasplithotel.hr\/#\/schema\/logo\/image\/\"}}]}<\/script>\n<!-- \/ Yoast SEO plugin. -->","yoast_head_json":{"title":"Konferencije - Sia Hotel","description":"Prostrana i nedavno renovirana konferencijska dvorana hotela SIA Split smje\u0161tena je u prizemlju, \u0161to omogu\u0107uje jednostavan pristup za sve vrste doga\u0111aja.","robots":{"index":"index","follow":"follow","max-snippet":"max-snippet:-1","max-image-preview":"max-image-preview:large","max-video-preview":"max-video-preview:-1"},"canonical":"https:\/\/siasplithotel.hr\/hr\/konferencije\/","og_locale":"hr_HR","og_type":"article","og_title":"Konferencije - Sia Hotel","og_description":"Prostrana i nedavno renovirana konferencijska dvorana hotela SIA Split smje\u0161tena je u prizemlju, \u0161to omogu\u0107uje jednostavan pristup za sve vrste doga\u0111aja.","og_url":"https:\/\/siasplithotel.hr\/hr\/konferencije\/","og_site_name":"Sia Hotel","article_modified_time":"2024-11-25T09:41:16+00:00","og_image":[{"url":"https:\/\/siasplithotel.hr\/wp-content\/uploads\/2024\/07\/fce36c8a-7ff9-47e7-a727-41706ce4f80d.jpg","type":"","width":"","height":""}],"twitter_card":"summary_large_image","twitter_misc":{"Procijenjeno vrijeme \u010ditanja":"1 minuta"},"schema":{"@context":"https:\/\/schema.org","@graph":[{"@type":"WebPage","@id":"https:\/\/siasplithotel.hr\/hr\/konferencije\/","url":"https:\/\/siasplithotel.hr\/hr\/konferencije\/","name":"Konferencije - Sia Hotel","isPartOf":{"@id":"https:\/\/siasplithotel.hr\/#website"},"primaryImageOfPage":{"@id":"https:\/\/siasplithotel.hr\/hr\/konferencije\/#primaryimage"},"image":{"@id":"https:\/\/siasplithotel.hr\/hr\/konferencije\/#primaryimage"},"thumbnailUrl":"https:\/\/siasplithotel.hr\/wp-content\/uploads\/2024\/07\/fce36c8a-7ff9-47e7-a727-41706ce4f80d.jpg","datePublished":"2024-07-26T07:10:14+00:00","dateModified":"2024-11-25T09:41:16+00:00","description":"Prostrana i nedavno renovirana konferencijska dvorana hotela SIA Split smje\u0161tena je u prizemlju, \u0161to omogu\u0107uje jednostavan pristup za sve vrste doga\u0111aja.","breadcrumb":{"@id":"https:\/\/siasplithotel.hr\/hr\/konferencije\/#breadcrumb"},"inLanguage":"hr","potentialAction":[{"@type":"ReadAction","target":["https:\/\/siasplithotel.hr\/hr\/konferencije\/"]}]},{"@type":"ImageObject","inLanguage":"hr","@id":"https:\/\/siasplithotel.hr\/hr\/konferencije\/#primaryimage","url":"https:\/\/siasplithotel.hr\/wp-content\/uploads\/2024\/07\/fce36c8a-7ff9-47e7-a727-41706ce4f80d.jpg","contentUrl":"https:\/\/siasplithotel.hr\/wp-content\/uploads\/2024\/07\/fce36c8a-7ff9-47e7-a727-41706ce4f80d.jpg"},{"@type":"BreadcrumbList","@id":"https:\/\/siasplithotel.hr\/hr\/konferencije\/#breadcrumb","itemListElement":[{"@type":"ListItem","position":1,"name":"Home","item":"https:\/\/siasplithotel.hr\/hr\/"},{"@type":"ListItem","position":2,"name":"Konferencije"}]},{"@type":"WebSite","@id":"https:\/\/siasplithotel.hr\/#website","url":"https:\/\/siasplithotel.hr\/","name":"Sia Hotel","description":"","publisher":{"@id":"https:\/\/siasplithotel.hr\/#organization"},"potentialAction":[{"@type":"SearchAction","target":{"@type":"EntryPoint","urlTemplate":"https:\/\/siasplithotel.hr\/?s={search_term_string}"},"query-input":{"@type":"PropertyValueSpecification","valueRequired":true,"valueName":"search_term_string"}}],"inLanguage":"hr"},{"@type":"Organization","@id":"https:\/\/siasplithotel.hr\/#organization","name":"Sia Hotel","url":"https:\/\/siasplithotel.hr\/","logo":{"@type":"ImageObject","inLanguage":"hr","@id":"https:\/\/siasplithotel.hr\/#\/schema\/logo\/image\/","url":"https:\/\/siasplithotel.hr\/wp-content\/uploads\/2024\/07\/logo.png","contentUrl":"https:\/\/siasplithotel.hr\/wp-content\/uploads\/2024\/07\/logo.png","width":264,"height":197,"caption":"Sia Hotel"},"image":{"@id":"https:\/\/siasplithotel.hr\/#\/schema\/logo\/image\/"}}]}},"_links":{"self":[{"href":"https:\/\/siasplithotel.hr\/hr\/wp-json\/wp\/v2\/pages\/1138","targetHints":{"allow":["GET"]}}],"collection":[{"href":"https:\/\/siasplithotel.hr\/hr\/wp-json\/wp\/v2\/pages"}],"about":[{"href":"https:\/\/siasplithotel.hr\/hr\/wp-json\/wp\/v2\/types\/page"}],"author":[{"embeddable":true,"href":"https:\/\/siasplithotel.hr\/hr\/wp-json\/wp\/v2\/users\/1"}],"replies":[{"embeddable":true,"href":"https:\/\/siasplithotel.hr\/hr\/wp-json\/wp\/v2\/comments?post=1138"}],"version-history":[{"count":4,"href":"https:\/\/siasplithotel.hr\/hr\/wp-json\/wp\/v2\/pages\/1138\/revisions"}],"predecessor-version":[{"id":1143,"href":"https:\/\/siasplithotel.hr\/hr\/wp-json\/wp\/v2\/pages\/1138\/revisions\/1143"}],"wp:attachment":[{"href":"https:\/\/siasplithotel.hr\/hr\/wp-json\/wp\/v2\/media?parent=1138"}],"curies":[{"name":"wp","href":"https:\/\/api.w.org\/{rel}","templated":true}]}}